{"id":31371,"date":"2015-02-19T09:48:19","date_gmt":"2015-02-19T09:48:19","guid":{"rendered":"https:\/\/jmrealestatezante.com\/kontakt\/"},"modified":"2023-12-06T07:00:55","modified_gmt":"2023-12-06T07:00:55","slug":"kontakt","status":"publish","type":"page","link":"https:\/\/jmrealestatezante.com\/de\/kontakt\/","title":{"rendered":"Kontakt"},"content":{"rendered":"\t\t<div data-elementor-type=\"wp-page\" data-elementor-id=\"31371\" class=\"elementor elementor-31371 elementor-5707\">\n\t\t\t\t<div class=\"elementor-element elementor-element-32adaade e-flex e-con-boxed e-con e-parent\" data-id=\"32adaade\" data-element_type=\"container\">\n\t\t\t\t\t<div class=\"e-con-inner\">\n\t\t\t\t<div class=\"elementor-element elementor-element-c19f072 elementor-widget elementor-widget-text-editor\" data-id=\"c19f072\" data-element_type=\"widget\" data-widget_type=\"text-editor.default\">\n\t\t\t\t<div class=\"elementor-widget-container\">\n\t\t\t\t\t\t\t<p>Unser Partnerarchitekt verf\u00fcgt \u00fcber fundierte Kenntnisse in allen Bereichen des Bauwesens, des Projektmanagements, der Architektur und des Ingenieurwesens. Wir sind stolz darauf, Projekte termingerecht, im Rahmen des Budgets und mit einem H\u00f6chstma\u00df an Sicherheit, Kundenservice und Qualit\u00e4t zu liefern, um den hohen Anforderungen unserer Kunden gerecht zu werden. Wir sind ein vielseitiges Unternehmen, das Neubauten, Stahlskelettbauten, Steinh\u00e4user, \u00d6koh\u00e4user und Renovierungen anbietet.<\/p>\n\t\t\t\t\t\t<\/div>\n\t\t\t\t<\/div>\n\t\t\t\t\t<\/div>\n\t\t\t\t<\/div>\n\t\t\t\t<\/div>\n\t\t","protected":false},"excerpt":{"rendered":"<p>Unser Partnerarchitekt verf\u00fcgt \u00fcber fundierte Kenntnisse in allen Bereichen des Bauwesens, des Projektmanagements, der Architektur und des Ingenieurwesens. Wir sind stolz darauf, Projekte termingerecht, im Rahmen des Budgets und mit einem H\u00f6chstma\u00df an Sicherheit, Kundenservice und Qualit\u00e4t zu liefern, um den hohen Anforderungen unserer Kunden gerecht zu werden. Wir sind ein vielseitiges Unternehmen, das Neubauten, Stahlskelettbauten, Steinh\u00e4user, \u00d6koh\u00e4user und Renovierungen anbietet.<\/p>\n","protected":false},"author":1,"featured_media":0,"parent":0,"menu_order":0,"comment_status":"open","ping_status":"closed","template":"contact_page.php","meta":{"inline_featured_image":false,"footnotes":""},"class_list":["post-31371","page","type-page","status-publish","hentry"],"aioseo_notices":[],"_links":{"self":[{"href":"https:\/\/jmrealestatezante.com\/de\/wp-json\/wp\/v2\/pages\/31371","targetHints":{"allow":["GET"]}}],"collection":[{"href":"https:\/\/jmrealestatezante.com\/de\/wp-json\/wp\/v2\/pages"}],"about":[{"href":"https:\/\/jmrealestatezante.com\/de\/wp-json\/wp\/v2\/types\/page"}],"author":[{"embeddable":true,"href":"https:\/\/jmrealestatezante.com\/de\/wp-json\/wp\/v2\/users\/1"}],"replies":[{"embeddable":true,"href":"https:\/\/jmrealestatezante.com\/de\/wp-json\/wp\/v2\/comments?post=31371"}],"version-history":[{"count":1,"href":"https:\/\/jmrealestatezante.com\/de\/wp-json\/wp\/v2\/pages\/31371\/revisions"}],"predecessor-version":[{"id":31372,"href":"https:\/\/jmrealestatezante.com\/de\/wp-json\/wp\/v2\/pages\/31371\/revisions\/31372"}],"wp:attachment":[{"href":"https:\/\/jmrealestatezante.com\/de\/wp-json\/wp\/v2\/media?parent=31371"}],"curies":[{"name":"wp","href":"https:\/\/api.w.org\/{rel}","templated":true}]}}