{"id":31377,"date":"2023-11-21T20:42:43","date_gmt":"2023-11-21T20:42:43","guid":{"rendered":"https:\/\/jmrealestatezante.com\/dienstleistungen\/"},"modified":"2023-12-06T07:25:59","modified_gmt":"2023-12-06T07:25:59","slug":"dienstleistungen","status":"publish","type":"page","link":"https:\/\/jmrealestatezante.com\/de\/dienstleistungen\/","title":{"rendered":"Dienstleistungen"},"content":{"rendered":"\t\t<div data-elementor-type=\"wp-page\" data-elementor-id=\"31377\" class=\"elementor elementor-31377 elementor-21138\">\n\t\t\t\t<div class=\"elementor-element elementor-element-5009d8b e-flex e-con-boxed e-con e-parent\" data-id=\"5009d8b\" data-element_type=\"container\">\n\t\t\t\t\t<div class=\"e-con-inner\">\n\t\t\t\t<div class=\"elementor-element elementor-element-4648840 elementor-widget elementor-widget-spacer\" data-id=\"4648840\" data-element_type=\"widget\" data-widget_type=\"spacer.default\">\n\t\t\t\t<div class=\"elementor-widget-container\">\n\t\t\t\t\t<div class=\"elementor-spacer\">\n\t\t\t<div class=\"elementor-spacer-inner\"><\/div>\n\t\t<\/div>\n\t\t\t\t<\/div>\n\t\t\t\t<\/div>\n\t\t\t\t\t<\/div>\n\t\t\t\t<\/div>\n\t\t<div class=\"elementor-element elementor-element-eb86bda e-flex e-con-boxed e-con e-parent\" data-id=\"eb86bda\" data-element_type=\"container\">\n\t\t\t\t\t<div class=\"e-con-inner\">\n\t\t<div class=\"elementor-element elementor-element-93d3512 e-con-full e-flex e-con e-child\" data-id=\"93d3512\" data-element_type=\"container\">\n\t\t\t\t<div class=\"elementor-element elementor-element-37982f9 elementor-invisible elementor-widget elementor-widget-text-editor\" data-id=\"37982f9\" data-element_type=\"widget\" data-settings=\"{&quot;_animation&quot;:&quot;fadeInLeft&quot;}\" data-widget_type=\"text-editor.default\">\n\t\t\t\t<div class=\"elementor-widget-container\">\n\t\t\t\t\t\t\t<div class=\"x-text x-text-headline e144-e13 m40-k m40-m m40-n\">\n<div class=\"x-text-content\">\n<div class=\"x-text-content-text\">\n<h2 class=\"x-text-content-text-primary\">Zakynthos Immobilienverkauf<\/h2>\n<div class=\"x-text x-content e144-e14 m40-q m40-r m40-s\">Wir bieten eine umfassende Liste von begehrten Immobilien zum Verkauf in Zakynthos an. Villen, H\u00e4user und Wohnungen, Grundst\u00fccke sowie traditionelle Steinh\u00e4user finden Sie an verschiedenen Orten auf Zakynthos;<\/div>\n<div class=\"x-text x-text-headline e144-e15 m40-k m40-m m40-n\">\n<div class=\"x-text-content\">\n<div class=\"x-text-content-text\"> <\/div>\n<\/div>\n<\/div>\n<\/div>\n<\/div>\n<\/div>\n\t\t\t\t\t\t<\/div>\n\t\t\t\t<\/div>\n\t\t\t\t<\/div>\n\t\t<div class=\"elementor-element elementor-element-d2b36b5 e-con-full e-flex e-con e-child\" data-id=\"d2b36b5\" data-element_type=\"container\">\n\t\t\t\t<div class=\"elementor-element elementor-element-5aa63eb elementor-invisible elementor-widget elementor-widget-image\" data-id=\"5aa63eb\" data-element_type=\"widget\" data-settings=\"{&quot;_animation&quot;:&quot;fadeInRight&quot;}\" data-widget_type=\"image.default\">\n\t\t\t\t<div class=\"elementor-widget-container\">\n\t\t\t\t\t\t\t\t\t\t\t\t\t<img decoding=\"async\" src=\"https:\/\/jmrealestatezante.com\/wp-content\/uploads\/elementor\/thumbs\/our-services-zakynthos-1-qh14itutz9ygajau7kfecvxlplyje1st1avf2twmuw.jpg\" title=\"our-services-zakynthos\" alt=\"\" loading=\"lazy\" \/>\t\t\t\t\t\t\t\t\t\t\t\t\t<\/div>\n\t\t\t\t<\/div>\n\t\t\t\t<\/div>\n\t\t\t\t\t<\/div>\n\t\t\t\t<\/div>\n\t\t<div class=\"elementor-element elementor-element-b56c76c e-flex e-con-boxed e-con e-parent\" data-id=\"b56c76c\" data-element_type=\"container\">\n\t\t\t\t\t<div class=\"e-con-inner\">\n\t\t<div class=\"elementor-element elementor-element-e89b780 e-con-full e-flex e-con e-child\" data-id=\"e89b780\" data-element_type=\"container\">\n\t\t\t\t<div class=\"elementor-element elementor-element-b5f07b1 elementor-invisible elementor-widget elementor-widget-image\" data-id=\"b5f07b1\" data-element_type=\"widget\" data-settings=\"{&quot;_animation&quot;:&quot;fadeInLeft&quot;}\" data-widget_type=\"image.default\">\n\t\t\t\t<div class=\"elementor-widget-container\">\n\t\t\t\t\t\t\t\t\t\t\t\t\t<img fetchpriority=\"high\" decoding=\"async\" width=\"1024\" height=\"512\" src=\"https:\/\/jmrealestatezante.com\/wp-content\/uploads\/2023\/11\/for-sale-1024x512.jpg\" class=\"attachment-large size-large wp-image-21192\" alt=\"\" srcset=\"https:\/\/jmrealestatezante.com\/wp-content\/uploads\/2023\/11\/for-sale-1024x512.jpg 1024w, https:\/\/jmrealestatezante.com\/wp-content\/uploads\/2023\/11\/for-sale-300x150.jpg 300w, https:\/\/jmrealestatezante.com\/wp-content\/uploads\/2023\/11\/for-sale-768x384.jpg 768w, https:\/\/jmrealestatezante.com\/wp-content\/uploads\/2023\/11\/for-sale.jpg 1200w\" sizes=\"(max-width: 1024px) 100vw, 1024px\" \/>\t\t\t\t\t\t\t\t\t\t\t\t\t<\/div>\n\t\t\t\t<\/div>\n\t\t\t\t<\/div>\n\t\t<div class=\"elementor-element elementor-element-9ed3938 e-con-full e-flex elementor-invisible e-con e-child\" data-id=\"9ed3938\" data-element_type=\"container\" data-settings=\"{&quot;animation&quot;:&quot;fadeInRight&quot;}\">\n\t\t\t\t<div class=\"elementor-element elementor-element-433a386 elementor-widget elementor-widget-text-editor\" data-id=\"433a386\" data-element_type=\"widget\" data-widget_type=\"text-editor.default\">\n\t\t\t\t<div class=\"elementor-widget-container\">\n\t\t\t\t\t\t\t<div class=\"x-text x-text-headline e144-e20 m40-k m40-m m40-n\">\n<div class=\"x-text-content\">\n<div class=\"x-text-content-text\">\n<h2 class=\"x-text-content-text-primary\">Verkaufen Sie Ihre Immobilie auf Zante<\/h2>\n<div class=\"x-row e144-e11 m40-5 m40-9 m40-d m40-e\">\n<div class=\"x-row-inner\">\n<div class=\"x-col e144-e17 m40-h\">\n<div class=\"x-text x-content e144-e21 m40-q m40-r m40-s\">Mit einer soliden und kreativen Marketingkampagne, lokalen Verbindungen und Kontakten zu Maklern in ganz Europa werden wir Ihre Immobilie effizient bei einem breiten potenziellen Kundenkreis bewerben. Wenn Sie daran interessiert sind, Ihre Immobilie auf Zante zu verkaufen, nehmen Sie bitte noch heute Kontakt mit uns auf.<\/div>\n<\/div>\n<\/div>\n<\/div>\n<div class=\"x-row e144-e22 m40-5 m40-9 m40-d m40-f\">\n<div class=\"x-row-inner\">\n<div class=\"x-col e144-e23 m40-h\">\n<div class=\"x-text x-text-headline e144-e24 m40-k m40-m m40-n\">\n<div class=\"x-text-content\">\n<div class=\"x-text-content-text\"> <\/div>\n<\/div>\n<\/div>\n<\/div>\n<\/div>\n<\/div>\n<\/div>\n<\/div>\n<\/div>\n\t\t\t\t\t\t<\/div>\n\t\t\t\t<\/div>\n\t\t\t\t<\/div>\n\t\t\t\t\t<\/div>\n\t\t\t\t<\/div>\n\t\t<div class=\"elementor-element elementor-element-4eb704c e-flex e-con-boxed e-con e-parent\" data-id=\"4eb704c\" data-element_type=\"container\">\n\t\t\t\t\t<div class=\"e-con-inner\">\n\t\t<div class=\"elementor-element elementor-element-907a67c e-con-full e-flex e-con e-child\" data-id=\"907a67c\" data-element_type=\"container\">\n\t\t\t\t<div class=\"elementor-element elementor-element-319d635 elementor-invisible elementor-widget elementor-widget-text-editor\" data-id=\"319d635\" data-element_type=\"widget\" data-settings=\"{&quot;_animation&quot;:&quot;fadeInLeft&quot;}\" data-widget_type=\"text-editor.default\">\n\t\t\t\t<div class=\"elementor-widget-container\">\n\t\t\t\t\t\t\t<h2>Entwicklung von Immobilienprojekten<\/h2>\n<p>Der griechische Immobilienmarkt hat in den letzten zehn Jahren tiefgreifende Ver\u00e4nderungen erfahren, wobei die Baut\u00e4tigkeit durch die expandierende Wirtschaft und die Entwicklung der M\u00e4rkte f\u00fcr Zweit- und Freizeitwohnungen angekurbelt wurde. Der Immobilienmarkt ist immer ein guter Markt f\u00fcr Investitionen, insbesondere f\u00fcr gro\u00dfe Entwicklungsprojekte, sofern man \u00fcber die wichtigen lokalen Kenntnisse und eine gute Zukunftsprognose verf\u00fcgt. Als etablierte Berater auf dem Markt sind wir bestrebt, die Investitionen unserer Kunden zu maximieren, indem wir ihnen geeignete M\u00f6glichkeiten aufzeigen und das Risiko f\u00fcr ihr Kapital minimieren. Als Entwickler bieten wir f\u00fcr Investoren eine Vielzahl von:<\/p>\n<ul>\n<li>Kleine Boutique-Projekte, die sich auf Nischenm\u00e4rkte konzentrieren<\/li>\n<li>Projekte f\u00fcr erneuerbare Energien<\/li>\n<li>Gro\u00dfe integrierte Resortprojekte der gehobenen Klasse<\/li>\n<\/ul>\n\t\t\t\t\t\t<\/div>\n\t\t\t\t<\/div>\n\t\t\t\t<\/div>\n\t\t<div class=\"elementor-element elementor-element-62d5557 e-con-full e-flex e-con e-child\" data-id=\"62d5557\" data-element_type=\"container\">\n\t\t\t\t<div class=\"elementor-element elementor-element-b489328 elementor-invisible elementor-widget elementor-widget-image\" data-id=\"b489328\" data-element_type=\"widget\" data-settings=\"{&quot;_animation&quot;:&quot;fadeInRight&quot;}\" data-widget_type=\"image.default\">\n\t\t\t\t<div class=\"elementor-widget-container\">\n\t\t\t\t\t\t\t\t\t\t\t\t\t<img decoding=\"async\" width=\"800\" height=\"600\" src=\"https:\/\/jmrealestatezante.com\/wp-content\/uploads\/2023\/11\/our-services-development.jpg\" class=\"attachment-large size-large wp-image-21226\" alt=\"\" srcset=\"https:\/\/jmrealestatezante.com\/wp-content\/uploads\/2023\/11\/our-services-development.jpg 800w, https:\/\/jmrealestatezante.com\/wp-content\/uploads\/2023\/11\/our-services-development-300x225.jpg 300w, https:\/\/jmrealestatezante.com\/wp-content\/uploads\/2023\/11\/our-services-development-768x576.jpg 768w\" sizes=\"(max-width: 800px) 100vw, 800px\" \/>\t\t\t\t\t\t\t\t\t\t\t\t\t<\/div>\n\t\t\t\t<\/div>\n\t\t\t\t<\/div>\n\t\t\t\t\t<\/div>\n\t\t\t\t<\/div>\n\t\t<div class=\"elementor-element elementor-element-08f1b4e e-flex e-con-boxed e-con e-parent\" data-id=\"08f1b4e\" data-element_type=\"container\">\n\t\t\t\t\t<div class=\"e-con-inner\">\n\t\t<div class=\"elementor-element elementor-element-26b783e e-con-full e-flex e-con e-child\" data-id=\"26b783e\" data-element_type=\"container\">\n\t\t\t\t<div class=\"elementor-element elementor-element-03897d9 elementor-invisible elementor-widget elementor-widget-image\" data-id=\"03897d9\" data-element_type=\"widget\" data-settings=\"{&quot;_animation&quot;:&quot;fadeInLeft&quot;}\" data-widget_type=\"image.default\">\n\t\t\t\t<div class=\"elementor-widget-container\">\n\t\t\t\t\t\t\t\t\t\t\t\t\t<img decoding=\"async\" width=\"800\" height=\"600\" src=\"https:\/\/jmrealestatezante.com\/wp-content\/uploads\/2023\/11\/our-services-hotel.jpg\" class=\"attachment-large size-large wp-image-21255\" alt=\"\" srcset=\"https:\/\/jmrealestatezante.com\/wp-content\/uploads\/2023\/11\/our-services-hotel.jpg 800w, https:\/\/jmrealestatezante.com\/wp-content\/uploads\/2023\/11\/our-services-hotel-300x225.jpg 300w, https:\/\/jmrealestatezante.com\/wp-content\/uploads\/2023\/11\/our-services-hotel-768x576.jpg 768w\" sizes=\"(max-width: 800px) 100vw, 800px\" \/>\t\t\t\t\t\t\t\t\t\t\t\t\t<\/div>\n\t\t\t\t<\/div>\n\t\t\t\t<\/div>\n\t\t<div class=\"elementor-element elementor-element-3ef7362 e-con-full e-flex e-con e-child\" data-id=\"3ef7362\" data-element_type=\"container\">\n\t\t\t\t<div class=\"elementor-element elementor-element-ace9f39 elementor-invisible elementor-widget elementor-widget-text-editor\" data-id=\"ace9f39\" data-element_type=\"widget\" data-settings=\"{&quot;_animation&quot;:&quot;fadeInRight&quot;}\" data-widget_type=\"text-editor.default\">\n\t\t\t\t<div class=\"elementor-widget-container\">\n\t\t\t\t\t\t\t<div class=\"x-text x-text-headline e144-e18 m40-k m40-m m40-n\">\n<div class=\"x-text-content\">\n<div class=\"x-text-content-text\">\n<h2 class=\"x-text-content-text-primary\">Hotels &amp; Tourismus<\/h2>\n<p>Mit einem Anteil von 18 % am BIP ist der Fremdenverkehr ein Schl\u00fcsselsektor und einer der dynamischsten Sektoren f\u00fcr Wachstum und Investitionen Griechenland ist unter den 15 besten Reisezielen weltweit; Unser Team kann den Investoren folgendes bieten:<br \/>&#8211; Integrierte Hotelresorts<br \/>&#8211; \u00d6kotourismus<br \/>&#8211; Alternative Tourismusprojekte<br \/>&#8211; Golfpl\u00e4tze<\/p>\n<\/div>\n<\/div>\n<\/div>\n\t\t\t\t\t\t<\/div>\n\t\t\t\t<\/div>\n\t\t\t\t<\/div>\n\t\t\t\t\t<\/div>\n\t\t\t\t<\/div>\n\t\t<div class=\"elementor-element elementor-element-2df9a8f e-flex e-con-boxed e-con e-parent\" data-id=\"2df9a8f\" data-element_type=\"container\">\n\t\t\t\t\t<div class=\"e-con-inner\">\n\t\t<div class=\"elementor-element elementor-element-eac42a4 e-con-full e-flex e-con e-child\" data-id=\"eac42a4\" data-element_type=\"container\">\n\t\t\t\t<div class=\"elementor-element elementor-element-ff8df1d elementor-invisible elementor-widget elementor-widget-text-editor\" data-id=\"ff8df1d\" data-element_type=\"widget\" data-settings=\"{&quot;_animation&quot;:&quot;fadeInLeft&quot;}\" data-widget_type=\"text-editor.default\">\n\t\t\t\t<div class=\"elementor-widget-container\">\n\t\t\t\t\t\t\t<div class=\"x-text x-text-headline e144-e24 m40-k m40-m m40-n\">\n<div class=\"x-text-content\">\n<div class=\"x-text-content-text\">\n<h2 class=\"x-text-content-text-primary\">Entwerfen &amp; Errichten<\/h2>\n<div class=\"x-col e144-e23 m40-h\">\n<div class=\"x-text x-content e144-e25 m40-q m40-r m40-s\">\n<div class=\"x-col e144-e23 m40-h\">\n<div class=\"x-text x-content e144-e25 m40-q m40-r m40-s\">Wir k\u00f6nnen Ihnen einen unserer Partner empfehlen, der seit \u00fcber drei\u00dfig Jahren auf Zakynthos Villen und H\u00e4user baut; Wir unterst\u00fctzen Sie w\u00e4hrend des gesamten Prozesses der Planung und des Baus Ihres neuen Hauses und liefern es p\u00fcnktlich, damit Sie es beziehen k\u00f6nnen;<\/div>\n<\/div>\n<div class=\"x-col e144-e26 m40-h\">\n<div class=\"x-text x-text-headline e144-e27 m40-k m40-m m40-n\">\n<div class=\"x-text-content\">\n<div class=\"x-text-content-text\"> <\/div>\n<\/div>\n<\/div>\n<\/div>\n<\/div>\n<\/div>\n<div class=\"x-col e144-e26 m40-h\">\n<div class=\"x-text x-text-headline e144-e27 m40-k m40-m m40-n\">\n<div class=\"x-text-content\">\n<div class=\"x-text-content-text\"> <\/div>\n<\/div>\n<\/div>\n<\/div>\n<\/div>\n<\/div>\n<\/div>\n\t\t\t\t\t\t<\/div>\n\t\t\t\t<\/div>\n\t\t\t\t<\/div>\n\t\t<div class=\"elementor-element elementor-element-8c24489 e-con-full e-flex e-con e-child\" data-id=\"8c24489\" data-element_type=\"container\">\n\t\t\t\t<div class=\"elementor-element elementor-element-090441e elementor-invisible elementor-widget elementor-widget-image\" data-id=\"090441e\" data-element_type=\"widget\" data-settings=\"{&quot;_animation&quot;:&quot;fadeInRight&quot;}\" data-widget_type=\"image.default\">\n\t\t\t\t<div class=\"elementor-widget-container\">\n\t\t\t\t\t\t\t\t\t\t\t\t\t<img loading=\"lazy\" decoding=\"async\" width=\"800\" height=\"600\" src=\"https:\/\/jmrealestatezante.com\/wp-content\/uploads\/2023\/11\/plans.jpg\" class=\"attachment-large size-large wp-image-21275\" alt=\"\" srcset=\"https:\/\/jmrealestatezante.com\/wp-content\/uploads\/2023\/11\/plans.jpg 800w, https:\/\/jmrealestatezante.com\/wp-content\/uploads\/2023\/11\/plans-300x225.jpg 300w, https:\/\/jmrealestatezante.com\/wp-content\/uploads\/2023\/11\/plans-768x576.jpg 768w\" sizes=\"(max-width: 800px) 100vw, 800px\" \/>\t\t\t\t\t\t\t\t\t\t\t\t\t<\/div>\n\t\t\t\t<\/div>\n\t\t\t\t<\/div>\n\t\t\t\t\t<\/div>\n\t\t\t\t<\/div>\n\t\t<div class=\"elementor-element elementor-element-515f16a e-flex e-con-boxed e-con e-parent\" data-id=\"515f16a\" data-element_type=\"container\">\n\t\t\t\t\t<div class=\"e-con-inner\">\n\t\t<div class=\"elementor-element elementor-element-a11c919 e-con-full e-flex e-con e-child\" data-id=\"a11c919\" data-element_type=\"container\">\n\t\t\t\t<div class=\"elementor-element elementor-element-e990423 elementor-invisible elementor-widget elementor-widget-image\" data-id=\"e990423\" data-element_type=\"widget\" data-settings=\"{&quot;_animation&quot;:&quot;fadeInLeft&quot;}\" data-widget_type=\"image.default\">\n\t\t\t\t<div class=\"elementor-widget-container\">\n\t\t\t\t\t\t\t\t\t\t\t\t\t<img loading=\"lazy\" decoding=\"async\" width=\"800\" height=\"600\" src=\"https:\/\/jmrealestatezante.com\/wp-content\/uploads\/2023\/11\/development-zakynthos.jpg\" class=\"attachment-large size-large wp-image-21285\" alt=\"\" srcset=\"https:\/\/jmrealestatezante.com\/wp-content\/uploads\/2023\/11\/development-zakynthos.jpg 800w, https:\/\/jmrealestatezante.com\/wp-content\/uploads\/2023\/11\/development-zakynthos-300x225.jpg 300w, https:\/\/jmrealestatezante.com\/wp-content\/uploads\/2023\/11\/development-zakynthos-768x576.jpg 768w\" sizes=\"(max-width: 800px) 100vw, 800px\" \/>\t\t\t\t\t\t\t\t\t\t\t\t\t<\/div>\n\t\t\t\t<\/div>\n\t\t\t\t<\/div>\n\t\t<div class=\"elementor-element elementor-element-8e422cf e-con-full e-flex e-con e-child\" data-id=\"8e422cf\" data-element_type=\"container\">\n\t\t\t\t<div class=\"elementor-element elementor-element-84933eb elementor-invisible elementor-widget elementor-widget-text-editor\" data-id=\"84933eb\" data-element_type=\"widget\" data-settings=\"{&quot;_animation&quot;:&quot;fadeInRight&quot;}\" data-widget_type=\"text-editor.default\">\n\t\t\t\t<div class=\"elementor-widget-container\">\n\t\t\t\t\t\t\t<div class=\"x-text x-text-headline e144-e27 m40-k m40-m m40-n\">\n<div class=\"x-text-content\">\n<div class=\"x-text-content-text\">\n<h2 class=\"x-text-content-text-primary\">Entwicklungen<\/h2>\n<div class=\"x-section e144-e10 m40-0 m40-1 m40-2\">\n<div class=\"x-row e144-e22 m40-5 m40-9 m40-d m40-f\">\n<div class=\"x-row-inner\">\n<div class=\"x-col e144-e26 m40-h\">\n<div class=\"x-text x-content e144-e28 m40-q m40-r m40-s\">Wir haben ein ausgezeichnetes Verst\u00e4ndnis f\u00fcr die Anforderungen und Erwartungen moderner Hausbesitzer und sind bestrebt, diese zu \u00fcbertreffen. Wir haben exklusiven Zugang zu vielen begehrten Wohnanlagen auf Zakynthos mit sch\u00f6nen H\u00e4usern in verschiedenen Gr\u00f6\u00dfen auf sorgf\u00e4ltig ausgew\u00e4hlten Grundst\u00fccken, nicht weit vom Strand entfernt und mit uneingeschr\u00e4nktem Blick auf das Meer und die zakynthische Landschaft, die f\u00fcr Besichtigungen zur Verf\u00fcgung stehen!<\/div>\n<\/div>\n<\/div>\n<\/div>\n<\/div>\n<div class=\"x-section e144-e29 m40-0 m40-1 m40-4\">\n<div class=\"x-row e144-e30 m40-5 m40-9 m40-d m40-g\">\n<div class=\"x-row-inner\">\n<div class=\"x-col e144-e31 m40-h\">\n<div class=\"x-text x-text-headline e144-e32 m40-k m40-l m40-n m40-o\">\n<div class=\"x-text-content\">\n<div class=\"x-text-content-text\"> <\/div>\n<\/div>\n<\/div>\n<\/div>\n<\/div>\n<\/div>\n<\/div>\n<\/div>\n<\/div>\n<\/div>\n\t\t\t\t\t\t<\/div>\n\t\t\t\t<\/div>\n\t\t\t\t<\/div>\n\t\t\t\t\t<\/div>\n\t\t\t\t<\/div>\n\t\t<div class=\"elementor-element elementor-element-2db8c67 e-flex e-con-boxed e-con e-parent\" data-id=\"2db8c67\" data-element_type=\"container\">\n\t\t\t\t\t<div class=\"e-con-inner\">\n\t\t\t\t<div class=\"elementor-element elementor-element-88bd5c4 elementor-widget elementor-widget-heading\" data-id=\"88bd5c4\" data-element_type=\"widget\" data-widget_type=\"heading.default\">\n\t\t\t\t<div class=\"elementor-widget-container\">\n\t\t\t<h2 class=\"elementor-heading-title elementor-size-default\">Unser Ziel\n<\/h2>\t\t<\/div>\n\t\t\t\t<\/div>\n\t\t\t\t\t<\/div>\n\t\t\t\t<\/div>\n\t\t<div class=\"elementor-element elementor-element-819e6e9 e-flex e-con-boxed e-con e-parent\" data-id=\"819e6e9\" data-element_type=\"container\">\n\t\t\t\t\t<div class=\"e-con-inner\">\n\t\t\t\t<div class=\"elementor-element elementor-element-b9312de elementor-widget elementor-widget-text-editor\" data-id=\"b9312de\" data-element_type=\"widget\" data-widget_type=\"text-editor.default\">\n\t\t\t\t<div class=\"elementor-widget-container\">\n\t\t\t\t\t\t\t<p>Unser Ziel war es schon immer, einen hohen Standard an Professionalit\u00e4t mit Ehrlichkeit und exzellentem Service f\u00fcr unsere Kunden zu erreichen. Wir sind st\u00e4ndig \u00fcber die Marktbedingungen auf dem Laufenden und haben die richtigen Partnerschaften mit den technischen Teams vor Ort und den wichtigsten Niederlassungen im Ausland aufgebaut Wir sind jetzt auf der ganzen Insel t\u00e4tig und bieten eine breite Palette von Immobilien an, darunter Villen, Ferienh\u00e4user, Gewerbeimmobilien und Grundst\u00fccke;<\/p>\n<p>Unsere Architekten-Partner verf\u00fcgen \u00fcber fundierte Fachkenntnisse in allen Bereichen des Bauwesens, des Projektmanagements, der Architektur und des Ingenieurwesens. Wir sind stolz darauf, dass wir dazu beitragen k\u00f6nnen, Projekte termingerecht, im Rahmen des Budgets und mit einem H\u00f6chstma\u00df an Sicherheit, Kundenservice und Qualit\u00e4t zu realisieren, um den hohen Anforderungen unserer Kunden gerecht zu werden.<\/p>\n\t\t\t\t\t\t<\/div>\n\t\t\t\t<\/div>\n\t\t\t\t\t<\/div>\n\t\t\t\t<\/div>\n\t\t<div class=\"elementor-element elementor-element-24868db e-flex e-con-boxed e-con e-parent\" data-id=\"24868db\" data-element_type=\"container\">\n\t\t\t\t\t<div class=\"e-con-inner\">\n\t\t<div class=\"elementor-element elementor-element-454a18a e-con-full e-flex e-con e-child\" data-id=\"454a18a\" data-element_type=\"container\">\n\t\t\t\t<div class=\"elementor-element elementor-element-fd430f6 elementor-widget elementor-widget-image\" data-id=\"fd430f6\" data-element_type=\"widget\" data-widget_type=\"image.default\">\n\t\t\t\t<div class=\"elementor-widget-container\">\n\t\t\t\t\t\t\t\t\t\t\t\t\t<img loading=\"lazy\" decoding=\"async\" width=\"560\" height=\"610\" src=\"https:\/\/jmrealestatezante.com\/wp-content\/uploads\/2023\/11\/about-us.jpg\" class=\"attachment-large size-large wp-image-21130\" alt=\"\" srcset=\"https:\/\/jmrealestatezante.com\/wp-content\/uploads\/2023\/11\/about-us.jpg 560w, https:\/\/jmrealestatezante.com\/wp-content\/uploads\/2023\/11\/about-us-275x300.jpg 275w\" sizes=\"(max-width: 560px) 100vw, 560px\" \/>\t\t\t\t\t\t\t\t\t\t\t\t\t<\/div>\n\t\t\t\t<\/div>\n\t\t\t\t<\/div>\n\t\t<div class=\"elementor-element elementor-element-fc99f53 e-con-full e-flex e-con e-child\" data-id=\"fc99f53\" data-element_type=\"container\">\n\t\t\t\t<div class=\"elementor-element elementor-element-3288d2f elementor-widget elementor-widget-WpResidence_Contact_Form\" data-id=\"3288d2f\" data-element_type=\"widget\" data-widget_type=\"WpResidence_Contact_Form.default\">\n\t\t\t\t<div class=\"elementor-widget-container\">\n\t\t\t<div class=\"shortcode_contact_form sh_form_align_\">\r\n\r\n       \r\n            <div class=\"alert-message\" id=\"footer_alert-agent-contact_sh\"><\/div>\r\n     \r\n\r\n        <input type=\"text\" style=\"\" placeholder=\"Dein Name\" required=\"required\"   id=\"foot_contact_name_sh\"  name=\"contact_name\" class=\"form-control\" value=\"\" tabindex=\"373\">\r\n        <input type=\"email\" style=\"\" required=\"required\" placeholder=\"Deine E-Mail\"  id=\"foot_contact_email_sh\" name=\"contact_email\" class=\"form-control wpestate-form-control-sh\" value=\"\" tabindex=\"374\">\r\n        <input type=\"email\" style=\"\" required=\"required\" placeholder=\"Dein Telefon\"  id=\"foot_contact_phone_sh\" name=\"contact_phone\" class=\"form-control wpestate-form-control-sh\" value=\"\" tabindex=\"374\">\r\n        <textarea style=\"\" placeholder=\"Geben Sie Ihre Nachricht ein ...\" required=\"required\" id=\"foot_contact_content_sh\" name=\"contact_content\" class=\"form-control wpestate-form-control-sh\" rows=\"4\" tabindex=\"375\"><\/textarea>\r\n        <input type=\"hidden\" name=\"contact_ajax_nonce\"        id=\"agent_property_ajax_nonce\"     value=\"b87e8e7be4\" \/>  <div class=\"btn-cont\">\r\n            <button type=\"submit\" id=\"btn-cont-submit_sh\" class=\"wpresidence_button sh_but_\">Nachricht senden<\/button>\r\n\r\n            <input type=\"hidden\" value=\"\" name=\"contact_to\">\r\n            <div class=\"bottom-arrow\"><\/div>\r\n        <\/div>\r\n    <\/div><style>\r\n    .shortcode_contact_form textarea::-webkit-input-placeholder,\r\n    .shortcode_contact_form input::-webkit-input-placeholder {\r\n     color:!important;\";\r\n}\r\n<\/style><script type=\"text\/javascript\">\r\n                \/\/<![CDATA[\r\n                jQuery(document).ready(function(){\r\n                  wpestate_contact_us_shortcode();\r\n                });\r\n                \/\/]]>\r\n            <\/script>\t\t<\/div>\n\t\t\t\t<\/div>\n\t\t\t\t<\/div>\n\t\t\t\t\t<\/div>\n\t\t\t\t<\/div>\n\t\t\t\t<\/div>\n\t\t","protected":false},"excerpt":{"rendered":"<p>Zakynthos Immobilienverkauf Wir bieten eine umfassende Liste von begehrten Immobilien zum Verkauf in Zakynthos an. Villen, H\u00e4user und Wohnungen, Grundst\u00fccke sowie traditionelle Steinh\u00e4user finden Sie an verschiedenen Orten auf Zakynthos; Verkaufen Sie Ihre Immobilie auf Zante Mit einer soliden und kreativen Marketingkampagne, lokalen Verbindungen und Kontakten zu Maklern in ganz Europa werden wir Ihre Immobilie effizient bei einem breiten potenziellen Kundenkreis bewerben. Wenn Sie &#8230;<\/p>\n","protected":false},"author":1,"featured_media":0,"parent":0,"menu_order":0,"comment_status":"closed","ping_status":"closed","template":"","meta":{"inline_featured_image":false,"footnotes":""},"class_list":["post-31377","page","type-page","status-publish","hentry"],"aioseo_notices":[],"_links":{"self":[{"href":"https:\/\/jmrealestatezante.com\/de\/wp-json\/wp\/v2\/pages\/31377","targetHints":{"allow":["GET"]}}],"collection":[{"href":"https:\/\/jmrealestatezante.com\/de\/wp-json\/wp\/v2\/pages"}],"about":[{"href":"https:\/\/jmrealestatezante.com\/de\/wp-json\/wp\/v2\/types\/page"}],"author":[{"embeddable":true,"href":"https:\/\/jmrealestatezante.com\/de\/wp-json\/wp\/v2\/users\/1"}],"replies":[{"embeddable":true,"href":"https:\/\/jmrealestatezante.com\/de\/wp-json\/wp\/v2\/comments?post=31377"}],"version-history":[{"count":1,"href":"https:\/\/jmrealestatezante.com\/de\/wp-json\/wp\/v2\/pages\/31377\/revisions"}],"predecessor-version":[{"id":31378,"href":"https:\/\/jmrealestatezante.com\/de\/wp-json\/wp\/v2\/pages\/31377\/revisions\/31378"}],"wp:attachment":[{"href":"https:\/\/jmrealestatezante.com\/de\/wp-json\/wp\/v2\/media?parent=31377"}],"curies":[{"name":"wp","href":"https:\/\/api.w.org\/{rel}","templated":true}]}}