{"id":31380,"date":"2023-05-10T14:11:27","date_gmt":"2023-05-10T14:11:27","guid":{"rendered":"https:\/\/jmrealestatezante.com\/ueber-uns\/"},"modified":"2023-12-06T07:29:21","modified_gmt":"2023-12-06T07:29:21","slug":"ueber-uns","status":"publish","type":"page","link":"https:\/\/jmrealestatezante.com\/de\/ueber-uns\/","title":{"rendered":"\u00dcber uns"},"content":{"rendered":"\t\t<div data-elementor-type=\"wp-page\" data-elementor-id=\"31380\" class=\"elementor elementor-31380 elementor-20932\">\n\t\t\t\t\t\t<section class=\"elementor-section elementor-top-section elementor-element elementor-element-1d27a45f animated-slow elementor-section-content-middle elementor-section-boxed elementor-section-height-default elementor-section-height-default elementor-invisible\" data-id=\"1d27a45f\" data-element_type=\"section\" data-settings=\"{&quot;background_background&quot;:&quot;classic&quot;,&quot;animation&quot;:&quot;fadeIn&quot;}\">\n\t\t\t\t\t\t\t<div class=\"elementor-background-overlay\"><\/div>\n\t\t\t\t\t\t\t<div class=\"elementor-container elementor-column-gap-no\">\n\t\t\t\t\t<div class=\"elementor-column elementor-col-100 elementor-top-column elementor-element elementor-element-6b9a98b0\" data-id=\"6b9a98b0\" data-element_type=\"column\" data-settings=\"{&quot;background_background&quot;:&quot;classic&quot;}\">\n\t\t\t<div class=\"elementor-widget-wrap elementor-element-populated\">\n\t\t\t\t\t\t<div class=\"elementor-element elementor-element-2070c10c elementor-widget elementor-widget-heading\" data-id=\"2070c10c\" data-element_type=\"widget\" data-widget_type=\"heading.default\">\n\t\t\t\t<div class=\"elementor-widget-container\">\n\t\t\t<p class=\"elementor-heading-title elementor-size-default\">Wer wir sind<\/p>\t\t<\/div>\n\t\t\t\t<\/div>\n\t\t\t\t<div class=\"elementor-element elementor-element-6c63d2ea elementor-widget elementor-widget-heading\" data-id=\"6c63d2ea\" data-element_type=\"widget\" data-widget_type=\"heading.default\">\n\t\t\t\t<div class=\"elementor-widget-container\">\n\t\t\t<h2 class=\"elementor-heading-title elementor-size-default\">\u00dcber uns<\/h2>\t\t<\/div>\n\t\t\t\t<\/div>\n\t\t\t\t\t<\/div>\n\t\t<\/div>\n\t\t\t\t\t<\/div>\n\t\t<\/section>\n\t\t\t\t<section class=\"elementor-section elementor-top-section elementor-element elementor-element-327289f7 elementor-section-boxed elementor-section-height-default elementor-section-height-default\" data-id=\"327289f7\" data-element_type=\"section\" data-settings=\"{&quot;background_background&quot;:&quot;classic&quot;}\">\n\t\t\t\t\t\t<div class=\"elementor-container elementor-column-gap-default\">\n\t\t\t\t\t<div class=\"elementor-column elementor-col-100 elementor-top-column elementor-element elementor-element-1fec7901\" data-id=\"1fec7901\" data-element_type=\"column\">\n\t\t\t<div class=\"elementor-widget-wrap elementor-element-populated\">\n\t\t\t\t\t\t<section class=\"elementor-section elementor-inner-section elementor-element elementor-element-10e61b72 elementor-section-boxed elementor-section-height-default elementor-section-height-default\" data-id=\"10e61b72\" data-element_type=\"section\">\n\t\t\t\t\t\t<div class=\"elementor-container elementor-column-gap-default\">\n\t\t\t\t\t<div class=\"elementor-column elementor-col-100 elementor-inner-column elementor-element elementor-element-28b3a92f\" data-id=\"28b3a92f\" data-element_type=\"column\">\n\t\t\t<div class=\"elementor-widget-wrap elementor-element-populated\">\n\t\t\t\t\t\t<div class=\"elementor-element elementor-element-ff8fdf0 elementor-widget elementor-widget-heading\" data-id=\"ff8fdf0\" data-element_type=\"widget\" data-widget_type=\"heading.default\">\n\t\t\t\t<div class=\"elementor-widget-container\">\n\t\t\t<h4 class=\"elementor-heading-title elementor-size-default\">Wer wir sind<\/h4>\t\t<\/div>\n\t\t\t\t<\/div>\n\t\t\t\t<div class=\"elementor-element elementor-element-5555a677 elementor-widget elementor-widget-heading\" data-id=\"5555a677\" data-element_type=\"widget\" data-widget_type=\"heading.default\">\n\t\t\t\t<div class=\"elementor-widget-container\">\n\t\t\t<h2 class=\"elementor-heading-title elementor-size-default\">\u00dcber unser Unternehmen<\/h2>\t\t<\/div>\n\t\t\t\t<\/div>\n\t\t\t\t\t<\/div>\n\t\t<\/div>\n\t\t\t\t\t<\/div>\n\t\t<\/section>\n\t\t\t\t<section class=\"elementor-section elementor-inner-section elementor-element elementor-element-b3eb21a elementor-section-boxed elementor-section-height-default elementor-section-height-default\" data-id=\"b3eb21a\" data-element_type=\"section\">\n\t\t\t\t\t\t<div class=\"elementor-container elementor-column-gap-default\">\n\t\t\t\t\t<div class=\"elementor-column elementor-col-33 elementor-inner-column elementor-element elementor-element-2666c3d4\" data-id=\"2666c3d4\" data-element_type=\"column\">\n\t\t\t<div class=\"elementor-widget-wrap\">\n\t\t\t\t\t\t\t<\/div>\n\t\t<\/div>\n\t\t\t\t<div class=\"elementor-column elementor-col-33 elementor-inner-column elementor-element elementor-element-622c2382\" data-id=\"622c2382\" data-element_type=\"column\">\n\t\t\t<div class=\"elementor-widget-wrap elementor-element-populated\">\n\t\t\t\t\t\t<div class=\"elementor-element elementor-element-69085a0f elementor-invisible elementor-widget elementor-widget-heading\" data-id=\"69085a0f\" data-element_type=\"widget\" data-settings=\"{&quot;_animation&quot;:&quot;fadeIn&quot;}\" data-widget_type=\"heading.default\">\n\t\t\t\t<div class=\"elementor-widget-container\">\n\t\t\t<h2 class=\"elementor-heading-title elementor-size-default\">Tr\u00e4ume in Immobilien verwandeln: Unsere Immobilien, Ihre Vision.<\/h2>\t\t<\/div>\n\t\t\t\t<\/div>\n\t\t\t\t\t<\/div>\n\t\t<\/div>\n\t\t\t\t<div class=\"elementor-column elementor-col-33 elementor-inner-column elementor-element elementor-element-6d6dac16\" data-id=\"6d6dac16\" data-element_type=\"column\">\n\t\t\t<div class=\"elementor-widget-wrap\">\n\t\t\t\t\t\t\t<\/div>\n\t\t<\/div>\n\t\t\t\t\t<\/div>\n\t\t<\/section>\n\t\t\t\t<section class=\"elementor-section elementor-inner-section elementor-element elementor-element-6ecb812e elementor-reverse-tablet elementor-reverse-mobile elementor-section-boxed elementor-section-height-default elementor-section-height-default\" data-id=\"6ecb812e\" data-element_type=\"section\">\n\t\t\t\t\t\t<div class=\"elementor-container elementor-column-gap-default\">\n\t\t\t\t\t<div class=\"elementor-column elementor-col-100 elementor-inner-column elementor-element elementor-element-40cb7e0d\" data-id=\"40cb7e0d\" data-element_type=\"column\">\n\t\t\t<div class=\"elementor-widget-wrap elementor-element-populated\">\n\t\t\t\t\t\t<div class=\"elementor-element elementor-element-7ac20650 elementor-invisible elementor-widget elementor-widget-text-editor\" data-id=\"7ac20650\" data-element_type=\"widget\" data-settings=\"{&quot;_animation&quot;:&quot;fadeIn&quot;}\" data-widget_type=\"text-editor.default\">\n\t\t\t\t<div class=\"elementor-widget-container\">\n\t\t\t\t\t\t\t<p>Unsere Geschichte begann vor einigen Jahren, als wir beschlossen, unsere Immobilienberatungsdienste auf Zakynthos auszuweiten, eine Insel mit atemberaubenden Landschaften, unglaublichen Farben und einzigartigen Orten, die es nicht nur verdient, besucht zu werden, sondern auch dort zu leben; Unsere erste Reise nach Zakynthos fand 1982 statt, zun\u00e4chst als Touristen, sp\u00e4ter als Investoren. Unser Immobilienb\u00fcro wurde 2009 er\u00f6ffnet, und schon bald gelang es uns, das Tempo zu erh\u00f6hen, da wir das gro\u00dfe Marktpotenzial erkannten. Nach und nach haben wir eine starke Pr\u00e4senz auf der gesamten Insel aufgebaut. Wir sind ein griechisch-belgisch-niederl\u00e4ndisch-polnisches Immobilien-Beratungsteam, dem es im Laufe der Jahre gelungen ist, die Attraktivit\u00e4t der wundersch\u00f6nen Insel Zakynthos zu f\u00f6rdern und sie zu einem internationalen Reiseziel im Ionischen Meer f\u00fcr Immobilieninvestitionen zu machen, sei es f\u00fcr den Kauf oder die Vermietung exklusiver Immobilien. Wir haben es geschafft, eine der f\u00fchrenden Immobilienagenturen der Insel zu werden, was durch die breite Palette unserer Aktivit\u00e4ten und durch das konstante Wachstum unseres Transaktionsvolumens deutlich wird. Gleichzeitig sind wir die am schnellsten wachsende Immobilienagentur in Zante, die sich immer darauf konzentriert, ihre Aktivit\u00e4ten stabil zu erweitern. Aber das Wichtigste: wir sind die Immobilienagentur, der die meisten ausl\u00e4ndischen Kunden vertrauen, wenn es um den Kauf ihrer idealen Immobilie auf Zante geht, denn wir haben das Fachwissen, um ihre Bed\u00fcrfnisse effizient und schnell zu erf\u00fcllen. Wir nutzen effiziente Methoden, um die am besten geeignete Immobilie f\u00fcr unsere Kunden zu identifizieren, die schlie\u00dflich zu ihrem Traumhaus werden kann. Mit anderen Worten: Unser Team wird alles tun, um die beste Immobilie zu finden, die Ihren Bed\u00fcrfnissen, Ihrem Geschmack und Ihrem Budget entspricht. Die Immobilien, die wir f\u00fcr Sie ausw\u00e4hlen, erf\u00fcllen hohe Anspr\u00fcche, sowohl an die Attraktivit\u00e4t des Standorts als auch an die Bauqualit\u00e4t. Unser Engagement f\u00fcr die hohe Qualit\u00e4t der Dienstleistungen, die wir unseren Kunden anbieten, ist der Eckpfeiler unseres Ansatzes und das Element, das uns in der Einsch\u00e4tzung unserer Kunden auszeichnet;<\/p>\n\t\t\t\t\t\t<\/div>\n\t\t\t\t<\/div>\n\t\t\t\t\t<\/div>\n\t\t<\/div>\n\t\t\t\t\t<\/div>\n\t\t<\/section>\n\t\t\t\t\t<\/div>\n\t\t<\/div>\n\t\t\t\t\t<\/div>\n\t\t<\/section>\n\t\t\t\t<section class=\"elementor-section elementor-top-section elementor-element elementor-element-8b9cbb9 elementor-section-content-middle elementor-section-stretched elementor-section-boxed elementor-section-height-default elementor-section-height-default\" data-id=\"8b9cbb9\" data-element_type=\"section\" data-settings=\"{&quot;background_background&quot;:&quot;classic&quot;,&quot;stretch_section&quot;:&quot;section-stretched&quot;}\">\n\t\t\t\t\t\t\t<div class=\"elementor-background-overlay\"><\/div>\n\t\t\t\t\t\t\t<div class=\"elementor-container elementor-column-gap-default\">\n\t\t\t\t\t<div class=\"elementor-column elementor-col-100 elementor-top-column elementor-element elementor-element-6044861a\" data-id=\"6044861a\" data-element_type=\"column\">\n\t\t\t<div class=\"elementor-widget-wrap elementor-element-populated\">\n\t\t\t\t\t\t<section class=\"elementor-section elementor-inner-section elementor-element elementor-element-33c98a0f elementor-section-boxed elementor-section-height-default elementor-section-height-default\" data-id=\"33c98a0f\" data-element_type=\"section\">\n\t\t\t\t\t\t<div class=\"elementor-container elementor-column-gap-default\">\n\t\t\t\t\t<div class=\"elementor-column elementor-col-33 elementor-inner-column elementor-element elementor-element-52ab2383\" data-id=\"52ab2383\" data-element_type=\"column\">\n\t\t\t<div class=\"elementor-widget-wrap\">\n\t\t\t\t\t\t\t<\/div>\n\t\t<\/div>\n\t\t\t\t<div class=\"elementor-column elementor-col-33 elementor-inner-column elementor-element elementor-element-294b7a3b\" data-id=\"294b7a3b\" data-element_type=\"column\">\n\t\t\t<div class=\"elementor-widget-wrap elementor-element-populated\">\n\t\t\t\t\t\t<div class=\"elementor-element elementor-element-a90d2b6 elementor-widget elementor-widget-heading\" data-id=\"a90d2b6\" data-element_type=\"widget\" data-widget_type=\"heading.default\">\n\t\t\t\t<div class=\"elementor-widget-container\">\n\t\t\t<h4 class=\"elementor-heading-title elementor-size-default\">Unsere Agenten<\/h4>\t\t<\/div>\n\t\t\t\t<\/div>\n\t\t\t\t<div class=\"elementor-element elementor-element-13b7cc62 elementor-widget elementor-widget-heading\" data-id=\"13b7cc62\" data-element_type=\"widget\" data-widget_type=\"heading.default\">\n\t\t\t\t<div class=\"elementor-widget-container\">\n\t\t\t<h2 class=\"elementor-heading-title elementor-size-default\">Treffen Sie unser Team<\/h2>\t\t<\/div>\n\t\t\t\t<\/div>\n\t\t\t\t<div class=\"elementor-element elementor-element-29e474ca elementor-invisible elementor-widget elementor-widget-heading\" data-id=\"29e474ca\" data-element_type=\"widget\" data-settings=\"{&quot;_animation&quot;:&quot;fadeIn&quot;}\" data-widget_type=\"heading.default\">\n\t\t\t\t<div class=\"elementor-widget-container\">\n\t\t\t<h2 class=\"elementor-heading-title elementor-size-default\">Wenn Sie die bestm\u00f6gliche Betreuung f\u00fcr Ihren Immobilienbedarf w\u00fcnschen,\nunsere zertifizierten Fachleute sind f\u00fcr Sie da<\/h2>\t\t<\/div>\n\t\t\t\t<\/div>\n\t\t\t\t\t<\/div>\n\t\t<\/div>\n\t\t\t\t<div class=\"elementor-column elementor-col-33 elementor-inner-column elementor-element elementor-element-9daf749\" data-id=\"9daf749\" data-element_type=\"column\">\n\t\t\t<div class=\"elementor-widget-wrap\">\n\t\t\t\t\t\t\t<\/div>\n\t\t<\/div>\n\t\t\t\t\t<\/div>\n\t\t<\/section>\n\t\t\t\t<div class=\"elementor-element elementor-element-54706a9b elementor-widget elementor-widget-spacer\" data-id=\"54706a9b\" data-element_type=\"widget\" data-widget_type=\"spacer.default\">\n\t\t\t\t<div class=\"elementor-widget-container\">\n\t\t\t\t\t<div class=\"elementor-spacer\">\n\t\t\t<div class=\"elementor-spacer-inner\"><\/div>\n\t\t<\/div>\n\t\t\t\t<\/div>\n\t\t\t\t<\/div>\n\t\t\t\t<div class=\"elementor-element elementor-element-5663532b elementor-widget elementor-widget-WpResidence_List_Agents\" data-id=\"5663532b\" data-element_type=\"widget\" data-widget_type=\"WpResidence_List_Agents.default\">\n\t\t\t\t<div class=\"elementor-widget-container\">\n\t\t\t<div class=\"article_container bottom-estate_agent nobutton  article_container_grid \" ><div class=\"items_shortcode_wrapper_grid\"> <\/div><\/div>\t\t<\/div>\n\t\t\t\t<\/div>\n\t\t\t\t\t<\/div>\n\t\t<\/div>\n\t\t\t\t\t<\/div>\n\t\t<\/section>\n\t\t\t\t<section class=\"elementor-section elementor-top-section elementor-element elementor-element-4c895a42 elementor-section-boxed elementor-section-height-default elementor-section-height-default elementor-invisible\" data-id=\"4c895a42\" data-element_type=\"section\" data-settings=\"{&quot;background_background&quot;:&quot;classic&quot;,&quot;animation&quot;:&quot;fadeIn&quot;}\">\n\t\t\t\t\t\t<div class=\"elementor-container elementor-column-gap-default\">\n\t\t\t\t\t<div class=\"elementor-column elementor-col-100 elementor-top-column elementor-element elementor-element-48e376b0\" data-id=\"48e376b0\" data-element_type=\"column\">\n\t\t\t<div class=\"elementor-widget-wrap elementor-element-populated\">\n\t\t\t\t\t\t<section class=\"elementor-section elementor-inner-section elementor-element elementor-element-2d1158b9 elementor-section-boxed elementor-section-height-default elementor-section-height-default\" data-id=\"2d1158b9\" data-element_type=\"section\" data-settings=\"{&quot;background_background&quot;:&quot;classic&quot;}\">\n\t\t\t\t\t\t<div class=\"elementor-container elementor-column-gap-default\">\n\t\t\t\t\t<div class=\"elementor-column elementor-col-50 elementor-inner-column elementor-element elementor-element-600ee591\" data-id=\"600ee591\" data-element_type=\"column\" data-settings=\"{&quot;background_background&quot;:&quot;classic&quot;}\">\n\t\t\t<div class=\"elementor-widget-wrap elementor-element-populated\">\n\t\t\t\t\t\t\t<\/div>\n\t\t<\/div>\n\t\t\t\t<div class=\"elementor-column elementor-col-50 elementor-inner-column elementor-element elementor-element-36c86900\" data-id=\"36c86900\" data-element_type=\"column\">\n\t\t\t<div class=\"elementor-widget-wrap elementor-element-populated\">\n\t\t\t\t\t\t<div class=\"elementor-element elementor-element-199640b3 elementor-widget elementor-widget-heading\" data-id=\"199640b3\" data-element_type=\"widget\" data-widget_type=\"heading.default\">\n\t\t\t\t<div class=\"elementor-widget-container\">\n\t\t\t<h2 class=\"elementor-heading-title elementor-size-default\">Nehmen Sie Kontakt mit uns auf <\/h2>\t\t<\/div>\n\t\t\t\t<\/div>\n\t\t\t\t<div class=\"elementor-element elementor-element-1d6c7eb7 elementor-invisible elementor-widget elementor-widget-text-editor\" data-id=\"1d6c7eb7\" data-element_type=\"widget\" data-settings=\"{&quot;_animation&quot;:&quot;fadeIn&quot;,&quot;_animation_delay&quot;:100}\" data-widget_type=\"text-editor.default\">\n\t\t\t\t<div class=\"elementor-widget-container\">\n\t\t\t\t\t\t\t<p>Unsere Experten und Entwickler w\u00fcrden sich freuen, Ihnen mit ihrem Fachwissen und ihren Erkenntnissen helfen zu k\u00f6nnen!<\/p>\n\t\t\t\t\t\t<\/div>\n\t\t\t\t<\/div>\n\t\t\t\t<div class=\"elementor-element elementor-element-1b0a503 elementor-button-align-stretch elementor-invisible elementor-widget elementor-widget-WpResidence_Contact_Form_Builder\" data-id=\"1b0a503\" data-element_type=\"widget\" data-settings=\"{&quot;_animation&quot;:&quot;fadeIn&quot;,&quot;_animation_delay&quot;:50}\" data-widget_type=\"WpResidence_Contact_Form_Builder.default\">\n\t\t\t\t<div class=\"elementor-widget-container\">\n\t\t\t\r\n\r\n\r\n\r\n\r\n        <form class=\"elementor-form wpresidence_elementor_form\"  id=\"wpresidence-elementor-form-1b0a503\" method=\"post\" >\r\n            <div class=\"alert-box error\">\r\n                <div class=\"alert-message\" id=\"alert-agent-contact\"><\/div>\r\n            <\/div>\r\n            <input name=\"prop_id\" type=\"hidden\"  id=\"agent_property_id\" value=\"\">\r\n            <input name=\"prop_id\" type=\"hidden\"  id=\"agent_id\" value=\"\">\r\n            <input name=\"prop_id\" type=\"hidden\"  id=\"contact_form_elementor\" value=\"1\">\r\n            <input type=\"hidden\" name=\"contact_ajax_nonce\" id=\"agent_property_ajax_nonce\"  value=\"d9f5cb3e70\" \/>\r\n\r\n            \r\n            \r\n            <input type=\"hidden\" id=\"wpresidence_form_id\" name=\"wpresidence_form_id\" value=\"wpresidence_form_7883\" \/>\r\n        \r\n            <input type=\"hidden\" id=\"elementor_email_subject\" name=\"email_suject\" value=\"New email from &quot;WpResidence Real Estate Demo&quot; \" \/>\r\n\r\n\r\n            <div class=\"elementor-form-fields-wrapper elementor-labels-above\">\r\n        <div class=\"elementor-field-group elementor-column form-group elementor-field-group-name elementor-field-required elementor-col-50\"><label for=\"form-field-name\" class=\"elementor-field-label\">Last name*<\/label><input type=\"text\" name=\"last_name\" id=\"form-field-name\" class=\"elementor-field form-control elementor-size-sm elementor-field-textual\" required=\"required\" placeholder=\"Last name\"><\/div><div class=\"elementor-field-group elementor-column form-group elementor-field-group-5217b40 elementor-field-required elementor-col-50\"><label for=\"form-field-5217b40\" class=\"elementor-field-label\">First name*<\/label><input type=\"text\" name=\"first_name\" id=\"form-field-5217b40\" class=\"elementor-field form-control elementor-size-sm elementor-field-textual\" required=\"required\" placeholder=\"First name\"><\/div><div class=\"elementor-field-group elementor-column form-group elementor-field-group-email elementor-field-required elementor-col-50\"><label for=\"form-field-email\" class=\"elementor-field-label\">Email*<\/label><input type=\"email\" name=\"email\" id=\"form-field-email\" class=\"elementor-field form-control elementor-size-sm elementor-field-textual\" required=\"required\" placeholder=\"Email\"><\/div><div class=\"elementor-field-group elementor-column form-group elementor-field-group-e5a3521 elementor-col-50\"><label for=\"form-field-e5a3521\" class=\"elementor-field-label\">Mobile<\/label><input type=\"text\" name=\"mobile\" id=\"form-field-e5a3521\" class=\"elementor-field form-control elementor-size-sm elementor-field-textual\" placeholder=\"Mobile\"><\/div><div class=\"elementor-field-group elementor-column form-group elementor-field-group-message elementor-col-100\"><label for=\"form-field-message\" class=\"elementor-field-label\">Message<\/label><textarea class=\"form-control elementor-field-textual elementor-field elementor-size-sm\" name=\"message\" id=\"form-field-message\" rows=\"4\" placeholder=\"Message\"><\/textarea><\/div>\r\n                <div class=\"elementor-field-group elementor-column elementor-field-type-submit elementor-col-100\">\r\n                            <button type=\"submit\" class=\"agent_submit_class_elementor wpresidence_button wpresidence_button_elementor elementor-button elementor-size-md\">\r\n                    Send Email                            <\/button>\r\n\r\n                <\/div>\r\n            <\/div>\r\n\r\n\r\n\r\n        <\/form>\r\n\r\n\r\n\r\n\r\n        \t\t<\/div>\n\t\t\t\t<\/div>\n\t\t\t\t\t<\/div>\n\t\t<\/div>\n\t\t\t\t\t<\/div>\n\t\t<\/section>\n\t\t\t\t\t<\/div>\n\t\t<\/div>\n\t\t\t\t\t<\/div>\n\t\t<\/section>\n\t\t\t\t<\/div>\n\t\t","protected":false},"excerpt":{"rendered":"<p>Wer wir sind \u00dcber uns Wer wir sind \u00dcber unser Unternehmen Tr\u00e4ume in Immobilien verwandeln: Unsere Immobilien, Ihre Vision. Unsere Geschichte begann vor einigen Jahren, als wir beschlossen, unsere Immobilienberatungsdienste auf Zakynthos auszuweiten, eine Insel mit atemberaubenden Landschaften, unglaublichen Farben und einzigartigen Orten, die es nicht nur verdient, besucht zu werden, sondern auch dort zu leben; Unsere erste Reise nach Zakynthos fand 1982 statt, &#8230;<\/p>\n","protected":false},"author":1,"featured_media":0,"parent":0,"menu_order":0,"comment_status":"closed","ping_status":"closed","template":"elementor_header_footer","meta":{"inline_featured_image":false,"footnotes":""},"class_list":["post-31380","page","type-page","status-publish","hentry"],"aioseo_notices":[],"_links":{"self":[{"href":"https:\/\/jmrealestatezante.com\/de\/wp-json\/wp\/v2\/pages\/31380","targetHints":{"allow":["GET"]}}],"collection":[{"href":"https:\/\/jmrealestatezante.com\/de\/wp-json\/wp\/v2\/pages"}],"about":[{"href":"https:\/\/jmrealestatezante.com\/de\/wp-json\/wp\/v2\/types\/page"}],"author":[{"embeddable":true,"href":"https:\/\/jmrealestatezante.com\/de\/wp-json\/wp\/v2\/users\/1"}],"replies":[{"embeddable":true,"href":"https:\/\/jmrealestatezante.com\/de\/wp-json\/wp\/v2\/comments?post=31380"}],"version-history":[{"count":1,"href":"https:\/\/jmrealestatezante.com\/de\/wp-json\/wp\/v2\/pages\/31380\/revisions"}],"predecessor-version":[{"id":31381,"href":"https:\/\/jmrealestatezante.com\/de\/wp-json\/wp\/v2\/pages\/31380\/revisions\/31381"}],"wp:attachment":[{"href":"https:\/\/jmrealestatezante.com\/de\/wp-json\/wp\/v2\/media?parent=31380"}],"curies":[{"name":"wp","href":"https:\/\/api.w.org\/{rel}","templated":true}]}}