{"id":31357,"date":"2015-02-19T09:48:19","date_gmt":"2015-02-19T09:48:19","guid":{"rendered":"https:\/\/jmrealestatezante.com\/nous-contacter\/"},"modified":"2023-12-05T18:50:05","modified_gmt":"2023-12-05T18:50:05","slug":"nous-contacter","status":"publish","type":"page","link":"https:\/\/jmrealestatezante.com\/fr\/nous-contacter\/","title":{"rendered":"Nous contacter"},"content":{"rendered":"\t\t<div data-elementor-type=\"wp-page\" data-elementor-id=\"31357\" class=\"elementor elementor-31357 elementor-5707\">\n\t\t\t\t<div class=\"elementor-element elementor-element-32adaade e-flex e-con-boxed e-con e-parent\" data-id=\"32adaade\" data-element_type=\"container\">\n\t\t\t\t\t<div class=\"e-con-inner\">\n\t\t\t\t<div class=\"elementor-element elementor-element-c19f072 elementor-widget elementor-widget-text-editor\" data-id=\"c19f072\" data-element_type=\"widget\" data-widget_type=\"text-editor.default\">\n\t\t\t\t<div class=\"elementor-widget-container\">\n\t\t\t\t\t\t\t<p>Notre architecte partenaire poss\u00e8de une expertise approfondie dans tous les aspects de la construction, de la gestion de projet, de l&rsquo;architecture et de l&rsquo;ing\u00e9nierie. Nous sommes fiers de r\u00e9aliser des projets dans le respect des d\u00e9lais, du budget et du plus haut niveau de s\u00e9curit\u00e9, de service \u00e0 la client\u00e8le et de qualit\u00e9, afin de r\u00e9pondre aux exigences \u00e9lev\u00e9es de nos clients. Nous sommes une entreprise polyvalente qui propose des constructions neuves, des b\u00e2timents \u00e0 ossature m\u00e9tallique, des maisons en pierre, des maisons \u00e9cologiques et des r\u00e9novations.<\/p>\n\t\t\t\t\t\t<\/div>\n\t\t\t\t<\/div>\n\t\t\t\t\t<\/div>\n\t\t\t\t<\/div>\n\t\t\t\t<\/div>\n\t\t","protected":false},"excerpt":{"rendered":"<p>Notre architecte partenaire poss\u00e8de une expertise approfondie dans tous les aspects de la construction, de la gestion de projet, de l&rsquo;architecture et de l&rsquo;ing\u00e9nierie. Nous sommes fiers de r\u00e9aliser des projets dans le respect des d\u00e9lais, du budget et du plus haut niveau de s\u00e9curit\u00e9, de service \u00e0 la client\u00e8le et de qualit\u00e9, afin de r\u00e9pondre aux exigences \u00e9lev\u00e9es de nos clients. Nous sommes &#8230;<\/p>\n","protected":false},"author":1,"featured_media":0,"parent":0,"menu_order":0,"comment_status":"open","ping_status":"closed","template":"contact_page.php","meta":{"inline_featured_image":false,"footnotes":""},"class_list":["post-31357","page","type-page","status-publish","hentry"],"aioseo_notices":[],"_links":{"self":[{"href":"https:\/\/jmrealestatezante.com\/fr\/wp-json\/wp\/v2\/pages\/31357","targetHints":{"allow":["GET"]}}],"collection":[{"href":"https:\/\/jmrealestatezante.com\/fr\/wp-json\/wp\/v2\/pages"}],"about":[{"href":"https:\/\/jmrealestatezante.com\/fr\/wp-json\/wp\/v2\/types\/page"}],"author":[{"embeddable":true,"href":"https:\/\/jmrealestatezante.com\/fr\/wp-json\/wp\/v2\/users\/1"}],"replies":[{"embeddable":true,"href":"https:\/\/jmrealestatezante.com\/fr\/wp-json\/wp\/v2\/comments?post=31357"}],"version-history":[{"count":1,"href":"https:\/\/jmrealestatezante.com\/fr\/wp-json\/wp\/v2\/pages\/31357\/revisions"}],"predecessor-version":[{"id":31358,"href":"https:\/\/jmrealestatezante.com\/fr\/wp-json\/wp\/v2\/pages\/31357\/revisions\/31358"}],"wp:attachment":[{"href":"https:\/\/jmrealestatezante.com\/fr\/wp-json\/wp\/v2\/media?parent=31357"}],"curies":[{"name":"wp","href":"https:\/\/api.w.org\/{rel}","templated":true}]}}