{"id":31361,"date":"2023-11-21T20:42:43","date_gmt":"2023-11-21T20:42:43","guid":{"rendered":"https:\/\/jmrealestatezante.com\/services\/"},"modified":"2023-12-05T19:35:11","modified_gmt":"2023-12-05T19:35:11","slug":"services","status":"publish","type":"page","link":"https:\/\/jmrealestatezante.com\/fr\/services\/","title":{"rendered":"Services"},"content":{"rendered":"\t\t<div data-elementor-type=\"wp-page\" data-elementor-id=\"31361\" class=\"elementor elementor-31361 elementor-21138\">\n\t\t\t\t<div class=\"elementor-element elementor-element-5009d8b e-flex e-con-boxed e-con e-parent\" data-id=\"5009d8b\" data-element_type=\"container\">\n\t\t\t\t\t<div class=\"e-con-inner\">\n\t\t\t\t<div class=\"elementor-element elementor-element-4648840 elementor-widget elementor-widget-spacer\" data-id=\"4648840\" data-element_type=\"widget\" data-widget_type=\"spacer.default\">\n\t\t\t\t<div class=\"elementor-widget-container\">\n\t\t\t\t\t<div class=\"elementor-spacer\">\n\t\t\t<div class=\"elementor-spacer-inner\"><\/div>\n\t\t<\/div>\n\t\t\t\t<\/div>\n\t\t\t\t<\/div>\n\t\t\t\t\t<\/div>\n\t\t\t\t<\/div>\n\t\t<div class=\"elementor-element elementor-element-eb86bda e-flex e-con-boxed e-con e-parent\" data-id=\"eb86bda\" data-element_type=\"container\">\n\t\t\t\t\t<div class=\"e-con-inner\">\n\t\t<div class=\"elementor-element elementor-element-93d3512 e-con-full e-flex e-con e-child\" data-id=\"93d3512\" data-element_type=\"container\">\n\t\t\t\t<div class=\"elementor-element elementor-element-37982f9 elementor-invisible elementor-widget elementor-widget-text-editor\" data-id=\"37982f9\" data-element_type=\"widget\" data-settings=\"{&quot;_animation&quot;:&quot;fadeInLeft&quot;}\" data-widget_type=\"text-editor.default\">\n\t\t\t\t<div class=\"elementor-widget-container\">\n\t\t\t\t\t\t\t<div class=\"x-text x-text-headline e144-e13 m40-k m40-m m40-n\">\n<div class=\"x-text-content\">\n<div class=\"x-text-content-text\">\n<h2 class=\"x-text-content-text-primary\">Ventes de biens immobiliers \u00e0 Zakynthos<\/h2>\n<div class=\"x-text x-content e144-e14 m40-q m40-r m40-s\">Nous proposons une liste compl\u00e8te de propri\u00e9t\u00e9s \u00e0 vendre \u00e0 Zakynthos. On trouve des villas, des maisons et des appartements, des terrains ainsi que des maisons traditionnelles en pierre dans divers endroits de Zakynthos.<\/div>\n<div class=\"x-text x-text-headline e144-e15 m40-k m40-m m40-n\">\n<div class=\"x-text-content\">\n<div class=\"x-text-content-text\"> <\/div>\n<\/div>\n<\/div>\n<\/div>\n<\/div>\n<\/div>\n\t\t\t\t\t\t<\/div>\n\t\t\t\t<\/div>\n\t\t\t\t<\/div>\n\t\t<div class=\"elementor-element elementor-element-d2b36b5 e-con-full e-flex e-con e-child\" data-id=\"d2b36b5\" data-element_type=\"container\">\n\t\t\t\t<div class=\"elementor-element elementor-element-5aa63eb elementor-invisible elementor-widget elementor-widget-image\" data-id=\"5aa63eb\" data-element_type=\"widget\" data-settings=\"{&quot;_animation&quot;:&quot;fadeInRight&quot;}\" data-widget_type=\"image.default\">\n\t\t\t\t<div class=\"elementor-widget-container\">\n\t\t\t\t\t\t\t\t\t\t\t\t\t<img decoding=\"async\" src=\"https:\/\/jmrealestatezante.com\/wp-content\/uploads\/elementor\/thumbs\/our-services-zakynthos-1-qh14itutz9ygajau7kfecvxlplyje1st1avf2twmuw.jpg\" title=\"our-services-zakynthos\" alt=\"\" loading=\"lazy\" \/>\t\t\t\t\t\t\t\t\t\t\t\t\t<\/div>\n\t\t\t\t<\/div>\n\t\t\t\t<\/div>\n\t\t\t\t\t<\/div>\n\t\t\t\t<\/div>\n\t\t<div class=\"elementor-element elementor-element-b56c76c e-flex e-con-boxed e-con e-parent\" data-id=\"b56c76c\" data-element_type=\"container\">\n\t\t\t\t\t<div class=\"e-con-inner\">\n\t\t<div class=\"elementor-element elementor-element-e89b780 e-con-full e-flex e-con e-child\" data-id=\"e89b780\" data-element_type=\"container\">\n\t\t\t\t<div class=\"elementor-element elementor-element-b5f07b1 elementor-invisible elementor-widget elementor-widget-image\" data-id=\"b5f07b1\" data-element_type=\"widget\" data-settings=\"{&quot;_animation&quot;:&quot;fadeInLeft&quot;}\" data-widget_type=\"image.default\">\n\t\t\t\t<div class=\"elementor-widget-container\">\n\t\t\t\t\t\t\t\t\t\t\t\t\t<img fetchpriority=\"high\" decoding=\"async\" width=\"1024\" height=\"512\" src=\"https:\/\/jmrealestatezante.com\/wp-content\/uploads\/2023\/11\/for-sale-1024x512.jpg\" class=\"attachment-large size-large wp-image-21192\" alt=\"\" srcset=\"https:\/\/jmrealestatezante.com\/wp-content\/uploads\/2023\/11\/for-sale-1024x512.jpg 1024w, https:\/\/jmrealestatezante.com\/wp-content\/uploads\/2023\/11\/for-sale-300x150.jpg 300w, https:\/\/jmrealestatezante.com\/wp-content\/uploads\/2023\/11\/for-sale-768x384.jpg 768w, https:\/\/jmrealestatezante.com\/wp-content\/uploads\/2023\/11\/for-sale.jpg 1200w\" sizes=\"(max-width: 1024px) 100vw, 1024px\" \/>\t\t\t\t\t\t\t\t\t\t\t\t\t<\/div>\n\t\t\t\t<\/div>\n\t\t\t\t<\/div>\n\t\t<div class=\"elementor-element elementor-element-9ed3938 e-con-full e-flex elementor-invisible e-con e-child\" data-id=\"9ed3938\" data-element_type=\"container\" data-settings=\"{&quot;animation&quot;:&quot;fadeInRight&quot;}\">\n\t\t\t\t<div class=\"elementor-element elementor-element-433a386 elementor-widget elementor-widget-text-editor\" data-id=\"433a386\" data-element_type=\"widget\" data-widget_type=\"text-editor.default\">\n\t\t\t\t<div class=\"elementor-widget-container\">\n\t\t\t\t\t\t\t<div class=\"x-text x-text-headline e144-e20 m40-k m40-m m40-n\">\n<div class=\"x-text-content\">\n<div class=\"x-text-content-text\">\n<h2 class=\"x-text-content-text-primary\">Vendre votre propri\u00e9t\u00e9 Zante<\/h2>\n<div class=\"x-row e144-e11 m40-5 m40-9 m40-d m40-e\">\n<div class=\"x-row-inner\">\n<div class=\"x-col e144-e17 m40-h\">\n<div class=\"x-text x-content e144-e21 m40-q m40-r m40-s\">Gr\u00e2ce \u00e0 une campagne de marketing solide et cr\u00e9ative, \u00e0 des relations locales et \u00e0 des contacts avec des agents dans toute l&rsquo;Europe, nous ferons la promotion de votre propri\u00e9t\u00e9 de mani\u00e8re efficace aupr\u00e8s d&rsquo;une vaste client\u00e8le potentielle. Si vous souhaitez vendre votre propri\u00e9t\u00e9 \u00e0 Zante, contactez-nous d\u00e8s aujourd&rsquo;hui.<\/div>\n<\/div>\n<\/div>\n<\/div>\n<div class=\"x-row e144-e22 m40-5 m40-9 m40-d m40-f\">\n<div class=\"x-row-inner\">\n<div class=\"x-col e144-e23 m40-h\">\n<div class=\"x-text x-text-headline e144-e24 m40-k m40-m m40-n\">\n<div class=\"x-text-content\">\n<div class=\"x-text-content-text\"> <\/div>\n<\/div>\n<\/div>\n<\/div>\n<\/div>\n<\/div>\n<\/div>\n<\/div>\n<\/div>\n\t\t\t\t\t\t<\/div>\n\t\t\t\t<\/div>\n\t\t\t\t<\/div>\n\t\t\t\t\t<\/div>\n\t\t\t\t<\/div>\n\t\t<div class=\"elementor-element elementor-element-4eb704c e-flex e-con-boxed e-con e-parent\" data-id=\"4eb704c\" data-element_type=\"container\">\n\t\t\t\t\t<div class=\"e-con-inner\">\n\t\t<div class=\"elementor-element elementor-element-907a67c e-con-full e-flex e-con e-child\" data-id=\"907a67c\" data-element_type=\"container\">\n\t\t\t\t<div class=\"elementor-element elementor-element-319d635 elementor-invisible elementor-widget elementor-widget-text-editor\" data-id=\"319d635\" data-element_type=\"widget\" data-settings=\"{&quot;_animation&quot;:&quot;fadeInLeft&quot;}\" data-widget_type=\"text-editor.default\">\n\t\t\t\t<div class=\"elementor-widget-container\">\n\t\t\t\t\t\t\t<h2>D\u00e9veloppement de projets immobiliers<\/h2>\n<p>Le march\u00e9 immobilier grec a connu de profonds changements au cours de la derni\u00e8re d\u00e9cennie, l&rsquo;activit\u00e9 de construction \u00e9tant aliment\u00e9e par une \u00e9conomie en expansion et le d\u00e9veloppement des march\u00e9s des r\u00e9sidences secondaires et de loisirs. Le march\u00e9 immobilier est toujours un bon march\u00e9 pour investir, en particulier dans des projets de d\u00e9veloppement \u00e0 grande \u00e9chelle, \u00e0 condition d&rsquo;avoir une bonne connaissance du terrain et de bonnes pr\u00e9visions. En tant que consultants \u00e9tablis sur le march\u00e9, nous visons \u00e0 maximiser les investissements de nos clients en leur pr\u00e9sentant des opportunit\u00e9s appropri\u00e9es et en minimisant le risque pour leur capital. En tant que d\u00e9veloppeurs, nous offrons aux investisseurs une vari\u00e9t\u00e9 de.. :<\/p>\n<ul>\n<li>Small-scale projects focused on niche markets<\/li>\n<li>Projets d&rsquo;\u00e9nergie renouvelable<\/li>\n<li>Grands projets de centres de vill\u00e9giature int\u00e9gr\u00e9s haut de gamme<\/li>\n<\/ul>\n\t\t\t\t\t\t<\/div>\n\t\t\t\t<\/div>\n\t\t\t\t<\/div>\n\t\t<div class=\"elementor-element elementor-element-62d5557 e-con-full e-flex e-con e-child\" data-id=\"62d5557\" data-element_type=\"container\">\n\t\t\t\t<div class=\"elementor-element elementor-element-b489328 elementor-invisible elementor-widget elementor-widget-image\" data-id=\"b489328\" data-element_type=\"widget\" data-settings=\"{&quot;_animation&quot;:&quot;fadeInRight&quot;}\" data-widget_type=\"image.default\">\n\t\t\t\t<div class=\"elementor-widget-container\">\n\t\t\t\t\t\t\t\t\t\t\t\t\t<img decoding=\"async\" width=\"800\" height=\"600\" src=\"https:\/\/jmrealestatezante.com\/wp-content\/uploads\/2023\/11\/our-services-development.jpg\" class=\"attachment-large size-large wp-image-21226\" alt=\"\" srcset=\"https:\/\/jmrealestatezante.com\/wp-content\/uploads\/2023\/11\/our-services-development.jpg 800w, https:\/\/jmrealestatezante.com\/wp-content\/uploads\/2023\/11\/our-services-development-300x225.jpg 300w, https:\/\/jmrealestatezante.com\/wp-content\/uploads\/2023\/11\/our-services-development-768x576.jpg 768w\" sizes=\"(max-width: 800px) 100vw, 800px\" \/>\t\t\t\t\t\t\t\t\t\t\t\t\t<\/div>\n\t\t\t\t<\/div>\n\t\t\t\t<\/div>\n\t\t\t\t\t<\/div>\n\t\t\t\t<\/div>\n\t\t<div class=\"elementor-element elementor-element-08f1b4e e-flex e-con-boxed e-con e-parent\" data-id=\"08f1b4e\" data-element_type=\"container\">\n\t\t\t\t\t<div class=\"e-con-inner\">\n\t\t<div class=\"elementor-element elementor-element-26b783e e-con-full e-flex e-con e-child\" data-id=\"26b783e\" data-element_type=\"container\">\n\t\t\t\t<div class=\"elementor-element elementor-element-03897d9 elementor-invisible elementor-widget elementor-widget-image\" data-id=\"03897d9\" data-element_type=\"widget\" data-settings=\"{&quot;_animation&quot;:&quot;fadeInLeft&quot;}\" data-widget_type=\"image.default\">\n\t\t\t\t<div class=\"elementor-widget-container\">\n\t\t\t\t\t\t\t\t\t\t\t\t\t<img decoding=\"async\" width=\"800\" height=\"600\" src=\"https:\/\/jmrealestatezante.com\/wp-content\/uploads\/2023\/11\/our-services-hotel.jpg\" class=\"attachment-large size-large wp-image-21255\" alt=\"\" srcset=\"https:\/\/jmrealestatezante.com\/wp-content\/uploads\/2023\/11\/our-services-hotel.jpg 800w, https:\/\/jmrealestatezante.com\/wp-content\/uploads\/2023\/11\/our-services-hotel-300x225.jpg 300w, https:\/\/jmrealestatezante.com\/wp-content\/uploads\/2023\/11\/our-services-hotel-768x576.jpg 768w\" sizes=\"(max-width: 800px) 100vw, 800px\" \/>\t\t\t\t\t\t\t\t\t\t\t\t\t<\/div>\n\t\t\t\t<\/div>\n\t\t\t\t<\/div>\n\t\t<div class=\"elementor-element elementor-element-3ef7362 e-con-full e-flex e-con e-child\" data-id=\"3ef7362\" data-element_type=\"container\">\n\t\t\t\t<div class=\"elementor-element elementor-element-ace9f39 elementor-invisible elementor-widget elementor-widget-text-editor\" data-id=\"ace9f39\" data-element_type=\"widget\" data-settings=\"{&quot;_animation&quot;:&quot;fadeInRight&quot;}\" data-widget_type=\"text-editor.default\">\n\t\t\t\t<div class=\"elementor-widget-container\">\n\t\t\t\t\t\t\t<div class=\"x-text x-text-headline e144-e18 m40-k m40-m m40-n\">\n<div class=\"x-text-content\">\n<div class=\"x-text-content-text\">\n<h2 class=\"x-text-content-text-primary\">H\u00f4tellerie et tourisme<\/h2>\n<p>Repr\u00e9sentant 18 % du PIB, le tourisme est un secteur cl\u00e9 et l&rsquo;un des plus dynamiques pour la croissance et l&rsquo;investissement. La Gr\u00e8ce figure parmi les 15 premi\u00e8res destinations mondiales. Notre \u00e9quipe peut fournir aux investisseurs :<br \/>&#8211; Complexes h\u00f4teliers int\u00e9gr\u00e9s<br \/>&#8211; L&rsquo;\u00e9cotourisme<br \/>&#8211; Projets de tourisme alternatif<br \/>&#8211; Terrains de golf<\/p>\n<\/div>\n<\/div>\n<\/div>\n\t\t\t\t\t\t<\/div>\n\t\t\t\t<\/div>\n\t\t\t\t<\/div>\n\t\t\t\t\t<\/div>\n\t\t\t\t<\/div>\n\t\t<div class=\"elementor-element elementor-element-2df9a8f e-flex e-con-boxed e-con e-parent\" data-id=\"2df9a8f\" data-element_type=\"container\">\n\t\t\t\t\t<div class=\"e-con-inner\">\n\t\t<div class=\"elementor-element elementor-element-eac42a4 e-con-full e-flex e-con e-child\" data-id=\"eac42a4\" data-element_type=\"container\">\n\t\t\t\t<div class=\"elementor-element elementor-element-ff8df1d elementor-invisible elementor-widget elementor-widget-text-editor\" data-id=\"ff8df1d\" data-element_type=\"widget\" data-settings=\"{&quot;_animation&quot;:&quot;fadeInLeft&quot;}\" data-widget_type=\"text-editor.default\">\n\t\t\t\t<div class=\"elementor-widget-container\">\n\t\t\t\t\t\t\t<div class=\"x-text x-text-headline e144-e24 m40-k m40-m m40-n\">\n<div class=\"x-text-content\">\n<div class=\"x-text-content-text\">\n<h2 class=\"x-text-content-text-primary\">Conception et construction<\/h2>\n<div class=\"x-col e144-e23 m40-h\">\n<div class=\"x-text x-content e144-e25 m40-q m40-r m40-s\">\n<div class=\"x-col e144-e23 m40-h\">\n<div class=\"x-text x-content e144-e25 m40-q m40-r m40-s\">Nous pouvons vous recommander l&rsquo;un de nos partenaires, qui construisent des villas et des maisons depuis plus de trente ans \u00e0 Zante. Nous vous assistons tout au long du processus de conception et de construction de votre nouvelle maison, qui sera livr\u00e9e \u00e0 temps, pr\u00eate \u00e0 \u00eatre emm\u00e9nag\u00e9e.<\/div>\n<\/div>\n<div class=\"x-col e144-e26 m40-h\">\n<div class=\"x-text x-text-headline e144-e27 m40-k m40-m m40-n\">\n<div class=\"x-text-content\">\n<div class=\"x-text-content-text\"> <\/div>\n<\/div>\n<\/div>\n<\/div>\n<\/div>\n<\/div>\n<div class=\"x-col e144-e26 m40-h\">\n<div class=\"x-text x-text-headline e144-e27 m40-k m40-m m40-n\">\n<div class=\"x-text-content\">\n<div class=\"x-text-content-text\"> <\/div>\n<\/div>\n<\/div>\n<\/div>\n<\/div>\n<\/div>\n<\/div>\n\t\t\t\t\t\t<\/div>\n\t\t\t\t<\/div>\n\t\t\t\t<\/div>\n\t\t<div class=\"elementor-element elementor-element-8c24489 e-con-full e-flex e-con e-child\" data-id=\"8c24489\" data-element_type=\"container\">\n\t\t\t\t<div class=\"elementor-element elementor-element-090441e elementor-invisible elementor-widget elementor-widget-image\" data-id=\"090441e\" data-element_type=\"widget\" data-settings=\"{&quot;_animation&quot;:&quot;fadeInRight&quot;}\" data-widget_type=\"image.default\">\n\t\t\t\t<div class=\"elementor-widget-container\">\n\t\t\t\t\t\t\t\t\t\t\t\t\t<img loading=\"lazy\" decoding=\"async\" width=\"800\" height=\"600\" src=\"https:\/\/jmrealestatezante.com\/wp-content\/uploads\/2023\/11\/plans.jpg\" class=\"attachment-large size-large wp-image-21275\" alt=\"\" srcset=\"https:\/\/jmrealestatezante.com\/wp-content\/uploads\/2023\/11\/plans.jpg 800w, https:\/\/jmrealestatezante.com\/wp-content\/uploads\/2023\/11\/plans-300x225.jpg 300w, https:\/\/jmrealestatezante.com\/wp-content\/uploads\/2023\/11\/plans-768x576.jpg 768w\" sizes=\"(max-width: 800px) 100vw, 800px\" \/>\t\t\t\t\t\t\t\t\t\t\t\t\t<\/div>\n\t\t\t\t<\/div>\n\t\t\t\t<\/div>\n\t\t\t\t\t<\/div>\n\t\t\t\t<\/div>\n\t\t<div class=\"elementor-element elementor-element-515f16a e-flex e-con-boxed e-con e-parent\" data-id=\"515f16a\" data-element_type=\"container\">\n\t\t\t\t\t<div class=\"e-con-inner\">\n\t\t<div class=\"elementor-element elementor-element-a11c919 e-con-full e-flex e-con e-child\" data-id=\"a11c919\" data-element_type=\"container\">\n\t\t\t\t<div class=\"elementor-element elementor-element-e990423 elementor-invisible elementor-widget elementor-widget-image\" data-id=\"e990423\" data-element_type=\"widget\" data-settings=\"{&quot;_animation&quot;:&quot;fadeInLeft&quot;}\" data-widget_type=\"image.default\">\n\t\t\t\t<div class=\"elementor-widget-container\">\n\t\t\t\t\t\t\t\t\t\t\t\t\t<img loading=\"lazy\" decoding=\"async\" width=\"800\" height=\"600\" src=\"https:\/\/jmrealestatezante.com\/wp-content\/uploads\/2023\/11\/development-zakynthos.jpg\" class=\"attachment-large size-large wp-image-21285\" alt=\"\" srcset=\"https:\/\/jmrealestatezante.com\/wp-content\/uploads\/2023\/11\/development-zakynthos.jpg 800w, https:\/\/jmrealestatezante.com\/wp-content\/uploads\/2023\/11\/development-zakynthos-300x225.jpg 300w, https:\/\/jmrealestatezante.com\/wp-content\/uploads\/2023\/11\/development-zakynthos-768x576.jpg 768w\" sizes=\"(max-width: 800px) 100vw, 800px\" \/>\t\t\t\t\t\t\t\t\t\t\t\t\t<\/div>\n\t\t\t\t<\/div>\n\t\t\t\t<\/div>\n\t\t<div class=\"elementor-element elementor-element-8e422cf e-con-full e-flex e-con e-child\" data-id=\"8e422cf\" data-element_type=\"container\">\n\t\t\t\t<div class=\"elementor-element elementor-element-84933eb elementor-invisible elementor-widget elementor-widget-text-editor\" data-id=\"84933eb\" data-element_type=\"widget\" data-settings=\"{&quot;_animation&quot;:&quot;fadeInRight&quot;}\" data-widget_type=\"text-editor.default\">\n\t\t\t\t<div class=\"elementor-widget-container\">\n\t\t\t\t\t\t\t<div class=\"x-text x-text-headline e144-e27 m40-k m40-m m40-n\">\n<div class=\"x-text-content\">\n<div class=\"x-text-content-text\">\n<h2 class=\"x-text-content-text-primary\">D\u00e9veloppements<\/h2>\n<div class=\"x-section e144-e10 m40-0 m40-1 m40-2\">\n<div class=\"x-row e144-e22 m40-5 m40-9 m40-d m40-f\">\n<div class=\"x-row-inner\">\n<div class=\"x-col e144-e26 m40-h\">\n<div class=\"x-text x-content e144-e28 m40-q m40-r m40-s\">Nous avons une excellente compr\u00e9hension des exigences et des attentes des propri\u00e9taires modernes, que nous nous effor\u00e7ons de d\u00e9passer. Nous disposons d&rsquo;un acc\u00e8s exclusif \u00e0 de nombreux projets immobiliers \u00e0 Zante, comprenant de belles maisons de diff\u00e9rentes tailles sur des parcelles soigneusement s\u00e9lectionn\u00e9es, non loin de la plage, avec des vues magnifiques et illimit\u00e9es sur la mer et la campagne zakynthienne, qui sont disponibles pour des visites.<\/div>\n<\/div>\n<\/div>\n<\/div>\n<\/div>\n<div class=\"x-section e144-e29 m40-0 m40-1 m40-4\">\n<div class=\"x-row e144-e30 m40-5 m40-9 m40-d m40-g\">\n<div class=\"x-row-inner\">\n<div class=\"x-col e144-e31 m40-h\">\n<div class=\"x-text x-text-headline e144-e32 m40-k m40-l m40-n m40-o\">\n<div class=\"x-text-content\">\n<div class=\"x-text-content-text\"> <\/div>\n<\/div>\n<\/div>\n<\/div>\n<\/div>\n<\/div>\n<\/div>\n<\/div>\n<\/div>\n<\/div>\n\t\t\t\t\t\t<\/div>\n\t\t\t\t<\/div>\n\t\t\t\t<\/div>\n\t\t\t\t\t<\/div>\n\t\t\t\t<\/div>\n\t\t<div class=\"elementor-element elementor-element-2db8c67 e-flex e-con-boxed e-con e-parent\" data-id=\"2db8c67\" data-element_type=\"container\">\n\t\t\t\t\t<div class=\"e-con-inner\">\n\t\t\t\t<div class=\"elementor-element elementor-element-88bd5c4 elementor-widget elementor-widget-heading\" data-id=\"88bd5c4\" data-element_type=\"widget\" data-widget_type=\"heading.default\">\n\t\t\t\t<div class=\"elementor-widget-container\">\n\t\t\t<h2 class=\"elementor-heading-title elementor-size-default\">Notre objectif\n<\/h2>\t\t<\/div>\n\t\t\t\t<\/div>\n\t\t\t\t\t<\/div>\n\t\t\t\t<\/div>\n\t\t<div class=\"elementor-element elementor-element-819e6e9 e-flex e-con-boxed e-con e-parent\" data-id=\"819e6e9\" data-element_type=\"container\">\n\t\t\t\t\t<div class=\"e-con-inner\">\n\t\t\t\t<div class=\"elementor-element elementor-element-b9312de elementor-widget elementor-widget-text-editor\" data-id=\"b9312de\" data-element_type=\"widget\" data-widget_type=\"text-editor.default\">\n\t\t\t\t<div class=\"elementor-widget-container\">\n\t\t\t\t\t\t\t<p>Notre objectif a toujours \u00e9t\u00e9 d&rsquo;atteindre un haut niveau de professionnalisme, d&rsquo;honn\u00eatet\u00e9 et d&rsquo;excellence pour nos clients. Nous sommes constamment inform\u00e9s des conditions du march\u00e9 et nous avons cr\u00e9\u00e9 les partenariats ad\u00e9quats avec les \u00e9quipes techniques locales et les principaux bureaux \u00e0 l&rsquo;\u00e9tranger. Nous sommes d\u00e9sormais pr\u00e9sents sur toute l&rsquo;\u00eele et proposons une large gamme de biens immobiliers, notamment des villas, des maisons de vacances, des biens immobiliers commerciaux et des terrains.<\/p>\n<p>Nos architectes partenaires poss\u00e8dent une expertise approfondie dans tous les aspects de la construction, de la gestion de projet, de l&rsquo;architecture et de l&rsquo;ing\u00e9nierie. Nous sommes fiers de contribuer \u00e0 la r\u00e9alisation de projets dans le respect des d\u00e9lais, du budget et du plus haut niveau de s\u00e9curit\u00e9, de service \u00e0 la client\u00e8le et de qualit\u00e9, afin de r\u00e9pondre aux exigences \u00e9lev\u00e9es de nos clients.<\/p>\n\t\t\t\t\t\t<\/div>\n\t\t\t\t<\/div>\n\t\t\t\t\t<\/div>\n\t\t\t\t<\/div>\n\t\t<div class=\"elementor-element elementor-element-24868db e-flex e-con-boxed e-con e-parent\" data-id=\"24868db\" data-element_type=\"container\">\n\t\t\t\t\t<div class=\"e-con-inner\">\n\t\t<div class=\"elementor-element elementor-element-454a18a e-con-full e-flex e-con e-child\" data-id=\"454a18a\" data-element_type=\"container\">\n\t\t\t\t<div class=\"elementor-element elementor-element-fd430f6 elementor-widget elementor-widget-image\" data-id=\"fd430f6\" data-element_type=\"widget\" data-widget_type=\"image.default\">\n\t\t\t\t<div class=\"elementor-widget-container\">\n\t\t\t\t\t\t\t\t\t\t\t\t\t<img loading=\"lazy\" decoding=\"async\" width=\"560\" height=\"610\" src=\"https:\/\/jmrealestatezante.com\/wp-content\/uploads\/2023\/11\/about-us.jpg\" class=\"attachment-large size-large wp-image-21130\" alt=\"\" srcset=\"https:\/\/jmrealestatezante.com\/wp-content\/uploads\/2023\/11\/about-us.jpg 560w, https:\/\/jmrealestatezante.com\/wp-content\/uploads\/2023\/11\/about-us-275x300.jpg 275w\" sizes=\"(max-width: 560px) 100vw, 560px\" \/>\t\t\t\t\t\t\t\t\t\t\t\t\t<\/div>\n\t\t\t\t<\/div>\n\t\t\t\t<\/div>\n\t\t<div class=\"elementor-element elementor-element-fc99f53 e-con-full e-flex e-con e-child\" data-id=\"fc99f53\" data-element_type=\"container\">\n\t\t\t\t<div class=\"elementor-element elementor-element-3288d2f elementor-widget elementor-widget-WpResidence_Contact_Form\" data-id=\"3288d2f\" data-element_type=\"widget\" data-widget_type=\"WpResidence_Contact_Form.default\">\n\t\t\t\t<div class=\"elementor-widget-container\">\n\t\t\t<div class=\"shortcode_contact_form sh_form_align_\">\r\n\r\n       \r\n            <div class=\"alert-message\" id=\"footer_alert-agent-contact_sh\"><\/div>\r\n     \r\n\r\n        <input type=\"text\" style=\"\" placeholder=\"Votre nom\" required=\"required\"   id=\"foot_contact_name_sh\"  name=\"contact_name\" class=\"form-control\" value=\"\" tabindex=\"373\">\r\n        <input type=\"email\" style=\"\" required=\"required\" placeholder=\"Votre Email\"  id=\"foot_contact_email_sh\" name=\"contact_email\" class=\"form-control wpestate-form-control-sh\" value=\"\" tabindex=\"374\">\r\n        <input type=\"email\" style=\"\" required=\"required\" placeholder=\"Ton t\u00e9l\u00e9phone\"  id=\"foot_contact_phone_sh\" name=\"contact_phone\" class=\"form-control wpestate-form-control-sh\" value=\"\" tabindex=\"374\">\r\n        <textarea style=\"\" placeholder=\"Tapez votre message ...\" required=\"required\" id=\"foot_contact_content_sh\" name=\"contact_content\" class=\"form-control wpestate-form-control-sh\" rows=\"4\" tabindex=\"375\"><\/textarea>\r\n        <input type=\"hidden\" name=\"contact_ajax_nonce\"        id=\"agent_property_ajax_nonce\"     value=\"0563ca117e\" \/>  <div class=\"btn-cont\">\r\n            <button type=\"submit\" id=\"btn-cont-submit_sh\" class=\"wpresidence_button sh_but_\">Envoyer le message<\/button>\r\n\r\n            <input type=\"hidden\" value=\"\" name=\"contact_to\">\r\n            <div class=\"bottom-arrow\"><\/div>\r\n        <\/div>\r\n    <\/div><style>\r\n    .shortcode_contact_form textarea::-webkit-input-placeholder,\r\n    .shortcode_contact_form input::-webkit-input-placeholder {\r\n     color:!important;\";\r\n}\r\n<\/style><script type=\"text\/javascript\">\r\n                \/\/<![CDATA[\r\n                jQuery(document).ready(function(){\r\n                  wpestate_contact_us_shortcode();\r\n                });\r\n                \/\/]]>\r\n            <\/script>\t\t<\/div>\n\t\t\t\t<\/div>\n\t\t\t\t<\/div>\n\t\t\t\t\t<\/div>\n\t\t\t\t<\/div>\n\t\t\t\t<\/div>\n\t\t","protected":false},"excerpt":{"rendered":"<p>Ventes de biens immobiliers \u00e0 Zakynthos Nous proposons une liste compl\u00e8te de propri\u00e9t\u00e9s \u00e0 vendre \u00e0 Zakynthos. On trouve des villas, des maisons et des appartements, des terrains ainsi que des maisons traditionnelles en pierre dans divers endroits de Zakynthos. Vendre votre propri\u00e9t\u00e9 Zante Gr\u00e2ce \u00e0 une campagne de marketing solide et cr\u00e9ative, \u00e0 des relations locales et \u00e0 des contacts avec des agents &#8230;<\/p>\n","protected":false},"author":1,"featured_media":0,"parent":0,"menu_order":0,"comment_status":"closed","ping_status":"closed","template":"","meta":{"inline_featured_image":false,"footnotes":""},"class_list":["post-31361","page","type-page","status-publish","hentry"],"aioseo_notices":[],"_links":{"self":[{"href":"https:\/\/jmrealestatezante.com\/fr\/wp-json\/wp\/v2\/pages\/31361","targetHints":{"allow":["GET"]}}],"collection":[{"href":"https:\/\/jmrealestatezante.com\/fr\/wp-json\/wp\/v2\/pages"}],"about":[{"href":"https:\/\/jmrealestatezante.com\/fr\/wp-json\/wp\/v2\/types\/page"}],"author":[{"embeddable":true,"href":"https:\/\/jmrealestatezante.com\/fr\/wp-json\/wp\/v2\/users\/1"}],"replies":[{"embeddable":true,"href":"https:\/\/jmrealestatezante.com\/fr\/wp-json\/wp\/v2\/comments?post=31361"}],"version-history":[{"count":1,"href":"https:\/\/jmrealestatezante.com\/fr\/wp-json\/wp\/v2\/pages\/31361\/revisions"}],"predecessor-version":[{"id":31362,"href":"https:\/\/jmrealestatezante.com\/fr\/wp-json\/wp\/v2\/pages\/31361\/revisions\/31362"}],"wp:attachment":[{"href":"https:\/\/jmrealestatezante.com\/fr\/wp-json\/wp\/v2\/media?parent=31361"}],"curies":[{"name":"wp","href":"https:\/\/api.w.org\/{rel}","templated":true}]}}