{"id":31363,"date":"2023-05-10T14:11:27","date_gmt":"2023-05-10T14:11:27","guid":{"rendered":"https:\/\/jmrealestatezante.com\/a-propos-de-nous\/"},"modified":"2023-12-05T19:43:59","modified_gmt":"2023-12-05T19:43:59","slug":"a-propos-de-nous","status":"publish","type":"page","link":"https:\/\/jmrealestatezante.com\/fr\/a-propos-de-nous\/","title":{"rendered":"\u00c0 propos de nous"},"content":{"rendered":"\t\t<div data-elementor-type=\"wp-page\" data-elementor-id=\"31363\" class=\"elementor elementor-31363 elementor-20932\">\n\t\t\t\t\t\t<section class=\"elementor-section elementor-top-section elementor-element elementor-element-1d27a45f animated-slow elementor-section-content-middle elementor-section-boxed elementor-section-height-default elementor-section-height-default elementor-invisible\" data-id=\"1d27a45f\" data-element_type=\"section\" data-settings=\"{&quot;background_background&quot;:&quot;classic&quot;,&quot;animation&quot;:&quot;fadeIn&quot;}\">\n\t\t\t\t\t\t\t<div class=\"elementor-background-overlay\"><\/div>\n\t\t\t\t\t\t\t<div class=\"elementor-container elementor-column-gap-no\">\n\t\t\t\t\t<div class=\"elementor-column elementor-col-100 elementor-top-column elementor-element elementor-element-6b9a98b0\" data-id=\"6b9a98b0\" data-element_type=\"column\" data-settings=\"{&quot;background_background&quot;:&quot;classic&quot;}\">\n\t\t\t<div class=\"elementor-widget-wrap elementor-element-populated\">\n\t\t\t\t\t\t<div class=\"elementor-element elementor-element-2070c10c elementor-widget elementor-widget-heading\" data-id=\"2070c10c\" data-element_type=\"widget\" data-widget_type=\"heading.default\">\n\t\t\t\t<div class=\"elementor-widget-container\">\n\t\t\t<p class=\"elementor-heading-title elementor-size-default\">Qui sommes-nous ?<\/p>\t\t<\/div>\n\t\t\t\t<\/div>\n\t\t\t\t<div class=\"elementor-element elementor-element-6c63d2ea elementor-widget elementor-widget-heading\" data-id=\"6c63d2ea\" data-element_type=\"widget\" data-widget_type=\"heading.default\">\n\t\t\t\t<div class=\"elementor-widget-container\">\n\t\t\t<h2 class=\"elementor-heading-title elementor-size-default\">\u00c0 propos de nous<\/h2>\t\t<\/div>\n\t\t\t\t<\/div>\n\t\t\t\t\t<\/div>\n\t\t<\/div>\n\t\t\t\t\t<\/div>\n\t\t<\/section>\n\t\t\t\t<section class=\"elementor-section elementor-top-section elementor-element elementor-element-327289f7 elementor-section-boxed elementor-section-height-default elementor-section-height-default\" data-id=\"327289f7\" data-element_type=\"section\" data-settings=\"{&quot;background_background&quot;:&quot;classic&quot;}\">\n\t\t\t\t\t\t<div class=\"elementor-container elementor-column-gap-default\">\n\t\t\t\t\t<div class=\"elementor-column elementor-col-100 elementor-top-column elementor-element elementor-element-1fec7901\" data-id=\"1fec7901\" data-element_type=\"column\">\n\t\t\t<div class=\"elementor-widget-wrap elementor-element-populated\">\n\t\t\t\t\t\t<section class=\"elementor-section elementor-inner-section elementor-element elementor-element-10e61b72 elementor-section-boxed elementor-section-height-default elementor-section-height-default\" data-id=\"10e61b72\" data-element_type=\"section\">\n\t\t\t\t\t\t<div class=\"elementor-container elementor-column-gap-default\">\n\t\t\t\t\t<div class=\"elementor-column elementor-col-100 elementor-inner-column elementor-element elementor-element-28b3a92f\" data-id=\"28b3a92f\" data-element_type=\"column\">\n\t\t\t<div class=\"elementor-widget-wrap elementor-element-populated\">\n\t\t\t\t\t\t<div class=\"elementor-element elementor-element-ff8fdf0 elementor-widget elementor-widget-heading\" data-id=\"ff8fdf0\" data-element_type=\"widget\" data-widget_type=\"heading.default\">\n\t\t\t\t<div class=\"elementor-widget-container\">\n\t\t\t<h4 class=\"elementor-heading-title elementor-size-default\">Qui sommes-nous ?<\/h4>\t\t<\/div>\n\t\t\t\t<\/div>\n\t\t\t\t<div class=\"elementor-element elementor-element-5555a677 elementor-widget elementor-widget-heading\" data-id=\"5555a677\" data-element_type=\"widget\" data-widget_type=\"heading.default\">\n\t\t\t\t<div class=\"elementor-widget-container\">\n\t\t\t<h2 class=\"elementor-heading-title elementor-size-default\">A propos de notre entreprise<\/h2>\t\t<\/div>\n\t\t\t\t<\/div>\n\t\t\t\t\t<\/div>\n\t\t<\/div>\n\t\t\t\t\t<\/div>\n\t\t<\/section>\n\t\t\t\t<section class=\"elementor-section elementor-inner-section elementor-element elementor-element-b3eb21a elementor-section-boxed elementor-section-height-default elementor-section-height-default\" data-id=\"b3eb21a\" data-element_type=\"section\">\n\t\t\t\t\t\t<div class=\"elementor-container elementor-column-gap-default\">\n\t\t\t\t\t<div class=\"elementor-column elementor-col-33 elementor-inner-column elementor-element elementor-element-2666c3d4\" data-id=\"2666c3d4\" data-element_type=\"column\">\n\t\t\t<div class=\"elementor-widget-wrap\">\n\t\t\t\t\t\t\t<\/div>\n\t\t<\/div>\n\t\t\t\t<div class=\"elementor-column elementor-col-33 elementor-inner-column elementor-element elementor-element-622c2382\" data-id=\"622c2382\" data-element_type=\"column\">\n\t\t\t<div class=\"elementor-widget-wrap elementor-element-populated\">\n\t\t\t\t\t\t<div class=\"elementor-element elementor-element-69085a0f elementor-invisible elementor-widget elementor-widget-heading\" data-id=\"69085a0f\" data-element_type=\"widget\" data-settings=\"{&quot;_animation&quot;:&quot;fadeIn&quot;}\" data-widget_type=\"heading.default\">\n\t\t\t\t<div class=\"elementor-widget-container\">\n\t\t\t<h2 class=\"elementor-heading-title elementor-size-default\">Transformer les r\u00eaves en domaines : Notre propri\u00e9t\u00e9, votre vision.<\/h2>\t\t<\/div>\n\t\t\t\t<\/div>\n\t\t\t\t\t<\/div>\n\t\t<\/div>\n\t\t\t\t<div class=\"elementor-column elementor-col-33 elementor-inner-column elementor-element elementor-element-6d6dac16\" data-id=\"6d6dac16\" data-element_type=\"column\">\n\t\t\t<div class=\"elementor-widget-wrap\">\n\t\t\t\t\t\t\t<\/div>\n\t\t<\/div>\n\t\t\t\t\t<\/div>\n\t\t<\/section>\n\t\t\t\t<section class=\"elementor-section elementor-inner-section elementor-element elementor-element-6ecb812e elementor-reverse-tablet elementor-reverse-mobile elementor-section-boxed elementor-section-height-default elementor-section-height-default\" data-id=\"6ecb812e\" data-element_type=\"section\">\n\t\t\t\t\t\t<div class=\"elementor-container elementor-column-gap-default\">\n\t\t\t\t\t<div class=\"elementor-column elementor-col-100 elementor-inner-column elementor-element elementor-element-40cb7e0d\" data-id=\"40cb7e0d\" data-element_type=\"column\">\n\t\t\t<div class=\"elementor-widget-wrap elementor-element-populated\">\n\t\t\t\t\t\t<div class=\"elementor-element elementor-element-7ac20650 elementor-invisible elementor-widget elementor-widget-text-editor\" data-id=\"7ac20650\" data-element_type=\"widget\" data-settings=\"{&quot;_animation&quot;:&quot;fadeIn&quot;}\" data-widget_type=\"text-editor.default\">\n\t\t\t\t<div class=\"elementor-widget-container\">\n\t\t\t\t\t\t\t<p>Notre histoire a commenc\u00e9 il y a plusieurs ann\u00e9es, lorsque nous avons d\u00e9cid\u00e9 d&rsquo;\u00e9tendre nos services de conseil immobilier \u00e0 Zante, une \u00eele aux paysages \u00e9poustouflants, aux couleurs incroyables et aux sites uniques que tout le monde m\u00e9rite non seulement de visiter, mais aussi de vivre. Notre premier voyage \u00e0 Zakynthos a eu lieu en 1982, d&rsquo;abord en tant que touristes, puis en tant qu&rsquo;investisseurs. Notre agence immobili\u00e8re a d\u00e9marr\u00e9 en 2009 et tr\u00e8s vite nous avons r\u00e9ussi \u00e0 acc\u00e9l\u00e9rer la cadence car nous avons vu le grand potentiel du march\u00e9. Progressivement, nous avons \u00e9tabli une forte pr\u00e9sence dans l&rsquo;ensemble de l&rsquo;\u00eele. Nous sommes une \u00e9quipe grecque-belge-n\u00e9erlandaise-polonaise de consultants en immobilier qui a r\u00e9ussi au fil des ans \u00e0 promouvoir l&rsquo;attrait qu&rsquo;offre la belle \u00eele de Zante, devenant ainsi la destination internationale de la mer Ionienne pour l&rsquo;investissement immobilier, que ce soit pour l&rsquo;achat ou la location de propri\u00e9t\u00e9s exclusives. Nous avons r\u00e9ussi \u00e0 devenir l&rsquo;une des principales agences immobili\u00e8res de l&rsquo;\u00eele, ce qui s&rsquo;est manifest\u00e9 par le large \u00e9ventail de nos activit\u00e9s et par la croissance constante de notre volume de transactions. En m\u00eame temps, nous sommes l&rsquo;agence immobili\u00e8re qui conna\u00eet la croissance la plus rapide \u00e0 Zante, et nous nous effor\u00e7ons toujours d&rsquo;\u00e9tendre nos activit\u00e9s de mani\u00e8re stable. Mais le plus important : nous sommes l&rsquo;agence immobili\u00e8re \u00e0 laquelle la plupart des clients \u00e9trangers font confiance pour l&rsquo;achat de leur propri\u00e9t\u00e9 id\u00e9ale \u00e0 Zante, car nous avons l&rsquo;expertise n\u00e9cessaire pour satisfaire pleinement leurs besoins de mani\u00e8re efficace et rapide. Nous utilisons des moyens efficaces pour identifier la propri\u00e9t\u00e9 la plus appropri\u00e9e pour nos clients, qui peut finalement devenir la maison de leurs r\u00eaves. En d&rsquo;autres termes, notre \u00e9quipe met tout en \u0153uvre pour trouver le meilleur bien immobilier correspondant \u00e0 vos besoins, \u00e0 vos go\u00fbts et \u00e0 votre budget. Les biens immobiliers que nous s\u00e9lectionnons pour vous r\u00e9pondent \u00e0 des crit\u00e8res \u00e9lev\u00e9s, tant en ce qui concerne l&rsquo;attrait de l&#8217;emplacement que la qualit\u00e9 de la construction. Notre engagement \u00e0 garantir la haute qualit\u00e9 des services offerts \u00e0 nos clients est la pierre angulaire de notre approche et c&rsquo;est l&rsquo;\u00e9l\u00e9ment qui nous diff\u00e9rencie aux yeux de nos clients.<\/p>\n\t\t\t\t\t\t<\/div>\n\t\t\t\t<\/div>\n\t\t\t\t\t<\/div>\n\t\t<\/div>\n\t\t\t\t\t<\/div>\n\t\t<\/section>\n\t\t\t\t\t<\/div>\n\t\t<\/div>\n\t\t\t\t\t<\/div>\n\t\t<\/section>\n\t\t\t\t<section class=\"elementor-section elementor-top-section elementor-element elementor-element-8b9cbb9 elementor-section-content-middle elementor-section-stretched elementor-section-boxed elementor-section-height-default elementor-section-height-default\" data-id=\"8b9cbb9\" data-element_type=\"section\" data-settings=\"{&quot;background_background&quot;:&quot;classic&quot;,&quot;stretch_section&quot;:&quot;section-stretched&quot;}\">\n\t\t\t\t\t\t\t<div class=\"elementor-background-overlay\"><\/div>\n\t\t\t\t\t\t\t<div class=\"elementor-container elementor-column-gap-default\">\n\t\t\t\t\t<div class=\"elementor-column elementor-col-100 elementor-top-column elementor-element elementor-element-6044861a\" data-id=\"6044861a\" data-element_type=\"column\">\n\t\t\t<div class=\"elementor-widget-wrap elementor-element-populated\">\n\t\t\t\t\t\t<section class=\"elementor-section elementor-inner-section elementor-element elementor-element-33c98a0f elementor-section-boxed elementor-section-height-default elementor-section-height-default\" data-id=\"33c98a0f\" data-element_type=\"section\">\n\t\t\t\t\t\t<div class=\"elementor-container elementor-column-gap-default\">\n\t\t\t\t\t<div class=\"elementor-column elementor-col-33 elementor-inner-column elementor-element elementor-element-52ab2383\" data-id=\"52ab2383\" data-element_type=\"column\">\n\t\t\t<div class=\"elementor-widget-wrap\">\n\t\t\t\t\t\t\t<\/div>\n\t\t<\/div>\n\t\t\t\t<div class=\"elementor-column elementor-col-33 elementor-inner-column elementor-element elementor-element-294b7a3b\" data-id=\"294b7a3b\" data-element_type=\"column\">\n\t\t\t<div class=\"elementor-widget-wrap elementor-element-populated\">\n\t\t\t\t\t\t<div class=\"elementor-element elementor-element-a90d2b6 elementor-widget elementor-widget-heading\" data-id=\"a90d2b6\" data-element_type=\"widget\" data-widget_type=\"heading.default\">\n\t\t\t\t<div class=\"elementor-widget-container\">\n\t\t\t<h4 class=\"elementor-heading-title elementor-size-default\">Nos agents<\/h4>\t\t<\/div>\n\t\t\t\t<\/div>\n\t\t\t\t<div class=\"elementor-element elementor-element-13b7cc62 elementor-widget elementor-widget-heading\" data-id=\"13b7cc62\" data-element_type=\"widget\" data-widget_type=\"heading.default\">\n\t\t\t\t<div class=\"elementor-widget-container\">\n\t\t\t<h2 class=\"elementor-heading-title elementor-size-default\">Rencontrer notre \u00e9quipe<\/h2>\t\t<\/div>\n\t\t\t\t<\/div>\n\t\t\t\t<div class=\"elementor-element elementor-element-29e474ca elementor-invisible elementor-widget elementor-widget-heading\" data-id=\"29e474ca\" data-element_type=\"widget\" data-settings=\"{&quot;_animation&quot;:&quot;fadeIn&quot;}\" data-widget_type=\"heading.default\">\n\t\t\t\t<div class=\"elementor-widget-container\">\n\t\t\t<h2 class=\"elementor-heading-title elementor-size-default\">Si vous souhaitez b\u00e9n\u00e9ficier de la meilleure prise en charge possible de vos besoins immobiliers,\nnos professionnels certifi\u00e9s sont l\u00e0 pour vous aider<\/h2>\t\t<\/div>\n\t\t\t\t<\/div>\n\t\t\t\t\t<\/div>\n\t\t<\/div>\n\t\t\t\t<div class=\"elementor-column elementor-col-33 elementor-inner-column elementor-element elementor-element-9daf749\" data-id=\"9daf749\" data-element_type=\"column\">\n\t\t\t<div class=\"elementor-widget-wrap\">\n\t\t\t\t\t\t\t<\/div>\n\t\t<\/div>\n\t\t\t\t\t<\/div>\n\t\t<\/section>\n\t\t\t\t<div class=\"elementor-element elementor-element-54706a9b elementor-widget elementor-widget-spacer\" data-id=\"54706a9b\" data-element_type=\"widget\" data-widget_type=\"spacer.default\">\n\t\t\t\t<div class=\"elementor-widget-container\">\n\t\t\t\t\t<div class=\"elementor-spacer\">\n\t\t\t<div class=\"elementor-spacer-inner\"><\/div>\n\t\t<\/div>\n\t\t\t\t<\/div>\n\t\t\t\t<\/div>\n\t\t\t\t<div class=\"elementor-element elementor-element-5663532b elementor-widget elementor-widget-WpResidence_List_Agents\" data-id=\"5663532b\" data-element_type=\"widget\" data-widget_type=\"WpResidence_List_Agents.default\">\n\t\t\t\t<div class=\"elementor-widget-container\">\n\t\t\t<div class=\"article_container bottom-estate_agent nobutton  article_container_grid \" ><div class=\"items_shortcode_wrapper_grid\"> <\/div><\/div>\t\t<\/div>\n\t\t\t\t<\/div>\n\t\t\t\t\t<\/div>\n\t\t<\/div>\n\t\t\t\t\t<\/div>\n\t\t<\/section>\n\t\t\t\t<section class=\"elementor-section elementor-top-section elementor-element elementor-element-4c895a42 elementor-section-boxed elementor-section-height-default elementor-section-height-default elementor-invisible\" data-id=\"4c895a42\" data-element_type=\"section\" data-settings=\"{&quot;background_background&quot;:&quot;classic&quot;,&quot;animation&quot;:&quot;fadeIn&quot;}\">\n\t\t\t\t\t\t<div class=\"elementor-container elementor-column-gap-default\">\n\t\t\t\t\t<div class=\"elementor-column elementor-col-100 elementor-top-column elementor-element elementor-element-48e376b0\" data-id=\"48e376b0\" data-element_type=\"column\">\n\t\t\t<div class=\"elementor-widget-wrap elementor-element-populated\">\n\t\t\t\t\t\t<section class=\"elementor-section elementor-inner-section elementor-element elementor-element-2d1158b9 elementor-section-boxed elementor-section-height-default elementor-section-height-default\" data-id=\"2d1158b9\" data-element_type=\"section\" data-settings=\"{&quot;background_background&quot;:&quot;classic&quot;}\">\n\t\t\t\t\t\t<div class=\"elementor-container elementor-column-gap-default\">\n\t\t\t\t\t<div class=\"elementor-column elementor-col-50 elementor-inner-column elementor-element elementor-element-600ee591\" data-id=\"600ee591\" data-element_type=\"column\" data-settings=\"{&quot;background_background&quot;:&quot;classic&quot;}\">\n\t\t\t<div class=\"elementor-widget-wrap elementor-element-populated\">\n\t\t\t\t\t\t\t<\/div>\n\t\t<\/div>\n\t\t\t\t<div class=\"elementor-column elementor-col-50 elementor-inner-column elementor-element elementor-element-36c86900\" data-id=\"36c86900\" data-element_type=\"column\">\n\t\t\t<div class=\"elementor-widget-wrap elementor-element-populated\">\n\t\t\t\t\t\t<div class=\"elementor-element elementor-element-199640b3 elementor-widget elementor-widget-heading\" data-id=\"199640b3\" data-element_type=\"widget\" data-widget_type=\"heading.default\">\n\t\t\t\t<div class=\"elementor-widget-container\">\n\t\t\t<h2 class=\"elementor-heading-title elementor-size-default\">Prenez contact avec nous <\/h2>\t\t<\/div>\n\t\t\t\t<\/div>\n\t\t\t\t<div class=\"elementor-element elementor-element-1d6c7eb7 elementor-invisible elementor-widget elementor-widget-text-editor\" data-id=\"1d6c7eb7\" data-element_type=\"widget\" data-settings=\"{&quot;_animation&quot;:&quot;fadeIn&quot;,&quot;_animation_delay&quot;:100}\" data-widget_type=\"text-editor.default\">\n\t\t\t\t<div class=\"elementor-widget-container\">\n\t\t\t\t\t\t\t<p>Nos experts et nos d\u00e9veloppeurs seraient ravis de vous apporter leur expertise et leurs connaissances et de vous aider !<\/p>\n\t\t\t\t\t\t<\/div>\n\t\t\t\t<\/div>\n\t\t\t\t<div class=\"elementor-element elementor-element-1b0a503 elementor-button-align-stretch elementor-invisible elementor-widget elementor-widget-WpResidence_Contact_Form_Builder\" data-id=\"1b0a503\" data-element_type=\"widget\" data-settings=\"{&quot;_animation&quot;:&quot;fadeIn&quot;,&quot;_animation_delay&quot;:50}\" data-widget_type=\"WpResidence_Contact_Form_Builder.default\">\n\t\t\t\t<div class=\"elementor-widget-container\">\n\t\t\t\r\n\r\n\r\n\r\n\r\n        <form class=\"elementor-form wpresidence_elementor_form\"  id=\"wpresidence-elementor-form-1b0a503\" method=\"post\" >\r\n            <div class=\"alert-box error\">\r\n                <div class=\"alert-message\" id=\"alert-agent-contact\"><\/div>\r\n            <\/div>\r\n            <input name=\"prop_id\" type=\"hidden\"  id=\"agent_property_id\" value=\"\">\r\n            <input name=\"prop_id\" type=\"hidden\"  id=\"agent_id\" value=\"\">\r\n            <input name=\"prop_id\" type=\"hidden\"  id=\"contact_form_elementor\" value=\"1\">\r\n            <input type=\"hidden\" name=\"contact_ajax_nonce\" id=\"agent_property_ajax_nonce\"  value=\"fe37beb952\" \/>\r\n\r\n            \r\n            \r\n            <input type=\"hidden\" id=\"wpresidence_form_id\" name=\"wpresidence_form_id\" value=\"wpresidence_form_7883\" \/>\r\n        \r\n            <input type=\"hidden\" id=\"elementor_email_subject\" name=\"email_suject\" value=\"New email from &quot;WpResidence Real Estate Demo&quot; \" \/>\r\n\r\n\r\n            <div class=\"elementor-form-fields-wrapper elementor-labels-above\">\r\n        <div class=\"elementor-field-group elementor-column form-group elementor-field-group-name elementor-field-required elementor-col-50\"><label for=\"form-field-name\" class=\"elementor-field-label\">Last name*<\/label><input type=\"text\" name=\"last_name\" id=\"form-field-name\" class=\"elementor-field form-control elementor-size-sm elementor-field-textual\" required=\"required\" placeholder=\"Last name\"><\/div><div class=\"elementor-field-group elementor-column form-group elementor-field-group-5217b40 elementor-field-required elementor-col-50\"><label for=\"form-field-5217b40\" class=\"elementor-field-label\">First name*<\/label><input type=\"text\" name=\"first_name\" id=\"form-field-5217b40\" class=\"elementor-field form-control elementor-size-sm elementor-field-textual\" required=\"required\" placeholder=\"First name\"><\/div><div class=\"elementor-field-group elementor-column form-group elementor-field-group-email elementor-field-required elementor-col-50\"><label for=\"form-field-email\" class=\"elementor-field-label\">Email*<\/label><input type=\"email\" name=\"email\" id=\"form-field-email\" class=\"elementor-field form-control elementor-size-sm elementor-field-textual\" required=\"required\" placeholder=\"Email\"><\/div><div class=\"elementor-field-group elementor-column form-group elementor-field-group-e5a3521 elementor-col-50\"><label for=\"form-field-e5a3521\" class=\"elementor-field-label\">Mobile<\/label><input type=\"text\" name=\"mobile\" id=\"form-field-e5a3521\" class=\"elementor-field form-control elementor-size-sm elementor-field-textual\" placeholder=\"Mobile\"><\/div><div class=\"elementor-field-group elementor-column form-group elementor-field-group-message elementor-col-100\"><label for=\"form-field-message\" class=\"elementor-field-label\">Message<\/label><textarea class=\"form-control elementor-field-textual elementor-field elementor-size-sm\" name=\"message\" id=\"form-field-message\" rows=\"4\" placeholder=\"Message\"><\/textarea><\/div>\r\n                <div class=\"elementor-field-group elementor-column elementor-field-type-submit elementor-col-100\">\r\n                            <button type=\"submit\" class=\"agent_submit_class_elementor wpresidence_button wpresidence_button_elementor elementor-button elementor-size-md\">\r\n                    Send Email                            <\/button>\r\n\r\n                <\/div>\r\n            <\/div>\r\n\r\n\r\n\r\n        <\/form>\r\n\r\n\r\n\r\n\r\n        \t\t<\/div>\n\t\t\t\t<\/div>\n\t\t\t\t\t<\/div>\n\t\t<\/div>\n\t\t\t\t\t<\/div>\n\t\t<\/section>\n\t\t\t\t\t<\/div>\n\t\t<\/div>\n\t\t\t\t\t<\/div>\n\t\t<\/section>\n\t\t\t\t<\/div>\n\t\t","protected":false},"excerpt":{"rendered":"<p>Qui sommes-nous ? \u00c0 propos de nous Qui sommes-nous ? A propos de notre entreprise Transformer les r\u00eaves en domaines : Notre propri\u00e9t\u00e9, votre vision. Notre histoire a commenc\u00e9 il y a plusieurs ann\u00e9es, lorsque nous avons d\u00e9cid\u00e9 d&rsquo;\u00e9tendre nos services de conseil immobilier \u00e0 Zante, une \u00eele aux paysages \u00e9poustouflants, aux couleurs incroyables et aux sites uniques que tout le monde m\u00e9rite non &#8230;<\/p>\n","protected":false},"author":1,"featured_media":0,"parent":0,"menu_order":0,"comment_status":"closed","ping_status":"closed","template":"elementor_header_footer","meta":{"inline_featured_image":false,"footnotes":""},"class_list":["post-31363","page","type-page","status-publish","hentry"],"aioseo_notices":[],"_links":{"self":[{"href":"https:\/\/jmrealestatezante.com\/fr\/wp-json\/wp\/v2\/pages\/31363","targetHints":{"allow":["GET"]}}],"collection":[{"href":"https:\/\/jmrealestatezante.com\/fr\/wp-json\/wp\/v2\/pages"}],"about":[{"href":"https:\/\/jmrealestatezante.com\/fr\/wp-json\/wp\/v2\/types\/page"}],"author":[{"embeddable":true,"href":"https:\/\/jmrealestatezante.com\/fr\/wp-json\/wp\/v2\/users\/1"}],"replies":[{"embeddable":true,"href":"https:\/\/jmrealestatezante.com\/fr\/wp-json\/wp\/v2\/comments?post=31363"}],"version-history":[{"count":1,"href":"https:\/\/jmrealestatezante.com\/fr\/wp-json\/wp\/v2\/pages\/31363\/revisions"}],"predecessor-version":[{"id":31364,"href":"https:\/\/jmrealestatezante.com\/fr\/wp-json\/wp\/v2\/pages\/31363\/revisions\/31364"}],"wp:attachment":[{"href":"https:\/\/jmrealestatezante.com\/fr\/wp-json\/wp\/v2\/media?parent=31363"}],"curies":[{"name":"wp","href":"https:\/\/api.w.org\/{rel}","templated":true}]}}