{"id":31140,"date":"2023-11-21T20:42:43","date_gmt":"2023-11-21T20:42:43","guid":{"rendered":"https:\/\/jmrealestatezante.com\/diensten\/"},"modified":"2023-12-05T13:30:18","modified_gmt":"2023-12-05T13:30:18","slug":"diensten","status":"publish","type":"page","link":"https:\/\/jmrealestatezante.com\/nl\/diensten\/","title":{"rendered":"Diensten"},"content":{"rendered":"\t\t<div data-elementor-type=\"wp-page\" data-elementor-id=\"31140\" class=\"elementor elementor-31140 elementor-21138\">\n\t\t\t\t<div class=\"elementor-element elementor-element-5009d8b e-flex e-con-boxed e-con e-parent\" data-id=\"5009d8b\" data-element_type=\"container\">\n\t\t\t\t\t<div class=\"e-con-inner\">\n\t\t\t\t<div class=\"elementor-element elementor-element-4648840 elementor-widget elementor-widget-spacer\" data-id=\"4648840\" data-element_type=\"widget\" data-widget_type=\"spacer.default\">\n\t\t\t\t<div class=\"elementor-widget-container\">\n\t\t\t\t\t<div class=\"elementor-spacer\">\n\t\t\t<div class=\"elementor-spacer-inner\"><\/div>\n\t\t<\/div>\n\t\t\t\t<\/div>\n\t\t\t\t<\/div>\n\t\t\t\t\t<\/div>\n\t\t\t\t<\/div>\n\t\t<div class=\"elementor-element elementor-element-eb86bda e-flex e-con-boxed e-con e-parent\" data-id=\"eb86bda\" data-element_type=\"container\">\n\t\t\t\t\t<div class=\"e-con-inner\">\n\t\t<div class=\"elementor-element elementor-element-93d3512 e-con-full e-flex e-con e-child\" data-id=\"93d3512\" data-element_type=\"container\">\n\t\t\t\t<div class=\"elementor-element elementor-element-37982f9 elementor-invisible elementor-widget elementor-widget-text-editor\" data-id=\"37982f9\" data-element_type=\"widget\" data-settings=\"{&quot;_animation&quot;:&quot;fadeInLeft&quot;}\" data-widget_type=\"text-editor.default\">\n\t\t\t\t<div class=\"elementor-widget-container\">\n\t\t\t\t\t\t\t<div class=\"x-text x-text-headline e144-e13 m40-k m40-m m40-n\">\n<div class=\"x-text-content\">\n<div class=\"x-text-content-text\">\n<h2 class=\"x-text-content-text-primary\">Zakynthos Vastgoedverkoop<\/h2>\n<div class=\"x-text x-content e144-e14 m40-q m40-r m40-s\">We offer a comprehensive list of desirable properties for sale in Zakynthos. Villa&#8217;s, huizen en appartementen, grondstukken en traditionele stenen huizen zijn te vinden op verschillende locaties rond Zakynthos.<\/div>\n<div class=\"x-text x-text-headline e144-e15 m40-k m40-m m40-n\">\n<div class=\"x-text-content\">\n<div class=\"x-text-content-text\"> <\/div>\n<\/div>\n<\/div>\n<\/div>\n<\/div>\n<\/div>\n\t\t\t\t\t\t<\/div>\n\t\t\t\t<\/div>\n\t\t\t\t<\/div>\n\t\t<div class=\"elementor-element elementor-element-d2b36b5 e-con-full e-flex e-con e-child\" data-id=\"d2b36b5\" data-element_type=\"container\">\n\t\t\t\t<div class=\"elementor-element elementor-element-5aa63eb elementor-invisible elementor-widget elementor-widget-image\" data-id=\"5aa63eb\" data-element_type=\"widget\" data-settings=\"{&quot;_animation&quot;:&quot;fadeInRight&quot;}\" data-widget_type=\"image.default\">\n\t\t\t\t<div class=\"elementor-widget-container\">\n\t\t\t\t\t\t\t\t\t\t\t\t\t<img decoding=\"async\" src=\"https:\/\/jmrealestatezante.com\/wp-content\/uploads\/elementor\/thumbs\/our-services-zakynthos-1-qh14itutz9ygajau7kfecvxlplyje1st1avf2twmuw.jpg\" title=\"our-services-zakynthos\" alt=\"\" loading=\"lazy\" \/>\t\t\t\t\t\t\t\t\t\t\t\t\t<\/div>\n\t\t\t\t<\/div>\n\t\t\t\t<\/div>\n\t\t\t\t\t<\/div>\n\t\t\t\t<\/div>\n\t\t<div class=\"elementor-element elementor-element-b56c76c e-flex e-con-boxed e-con e-parent\" data-id=\"b56c76c\" data-element_type=\"container\">\n\t\t\t\t\t<div class=\"e-con-inner\">\n\t\t<div class=\"elementor-element elementor-element-e89b780 e-con-full e-flex e-con e-child\" data-id=\"e89b780\" data-element_type=\"container\">\n\t\t\t\t<div class=\"elementor-element elementor-element-b5f07b1 elementor-invisible elementor-widget elementor-widget-image\" data-id=\"b5f07b1\" data-element_type=\"widget\" data-settings=\"{&quot;_animation&quot;:&quot;fadeInLeft&quot;}\" data-widget_type=\"image.default\">\n\t\t\t\t<div class=\"elementor-widget-container\">\n\t\t\t\t\t\t\t\t\t\t\t\t\t<img fetchpriority=\"high\" decoding=\"async\" width=\"1024\" height=\"512\" src=\"https:\/\/jmrealestatezante.com\/wp-content\/uploads\/2023\/11\/for-sale-1024x512.jpg\" class=\"attachment-large size-large wp-image-21192\" alt=\"\" srcset=\"https:\/\/jmrealestatezante.com\/wp-content\/uploads\/2023\/11\/for-sale-1024x512.jpg 1024w, https:\/\/jmrealestatezante.com\/wp-content\/uploads\/2023\/11\/for-sale-300x150.jpg 300w, https:\/\/jmrealestatezante.com\/wp-content\/uploads\/2023\/11\/for-sale-768x384.jpg 768w, https:\/\/jmrealestatezante.com\/wp-content\/uploads\/2023\/11\/for-sale.jpg 1200w\" sizes=\"(max-width: 1024px) 100vw, 1024px\" \/>\t\t\t\t\t\t\t\t\t\t\t\t\t<\/div>\n\t\t\t\t<\/div>\n\t\t\t\t<\/div>\n\t\t<div class=\"elementor-element elementor-element-9ed3938 e-con-full e-flex elementor-invisible e-con e-child\" data-id=\"9ed3938\" data-element_type=\"container\" data-settings=\"{&quot;animation&quot;:&quot;fadeInRight&quot;}\">\n\t\t\t\t<div class=\"elementor-element elementor-element-433a386 elementor-widget elementor-widget-text-editor\" data-id=\"433a386\" data-element_type=\"widget\" data-widget_type=\"text-editor.default\">\n\t\t\t\t<div class=\"elementor-widget-container\">\n\t\t\t\t\t\t\t<div class=\"x-text x-text-headline e144-e20 m40-k m40-m m40-n\">\n<div class=\"x-text-content\">\n<div class=\"x-text-content-text\">\n<h2 class=\"x-text-content-text-primary\">Verkoop uw huis in Zante<\/h2>\n<div class=\"x-row e144-e11 m40-5 m40-9 m40-d m40-e\">\n<div class=\"x-row-inner\">\n<div class=\"x-col e144-e17 m40-h\">\n<div class=\"x-text x-content e144-e21 m40-q m40-r m40-s\">Met een solide en creatieve marketingcampagne, lokale connecties en connecties met agenten in heel Europa zullen we je woning effici\u00ebnt promoten bij een brede potenti\u00eble klantenkring. Als je ge\u00efnteresseerd bent in het verkopen van je woning in Zante, neem dan vandaag nog contact met ons op.<\/div>\n<\/div>\n<\/div>\n<\/div>\n<div class=\"x-row e144-e22 m40-5 m40-9 m40-d m40-f\">\n<div class=\"x-row-inner\">\n<div class=\"x-col e144-e23 m40-h\">\n<div class=\"x-text x-text-headline e144-e24 m40-k m40-m m40-n\">\n<div class=\"x-text-content\">\n<div class=\"x-text-content-text\"> <\/div>\n<\/div>\n<\/div>\n<\/div>\n<\/div>\n<\/div>\n<\/div>\n<\/div>\n<\/div>\n\t\t\t\t\t\t<\/div>\n\t\t\t\t<\/div>\n\t\t\t\t<\/div>\n\t\t\t\t\t<\/div>\n\t\t\t\t<\/div>\n\t\t<div class=\"elementor-element elementor-element-4eb704c e-flex e-con-boxed e-con e-parent\" data-id=\"4eb704c\" data-element_type=\"container\">\n\t\t\t\t\t<div class=\"e-con-inner\">\n\t\t<div class=\"elementor-element elementor-element-907a67c e-con-full e-flex e-con e-child\" data-id=\"907a67c\" data-element_type=\"container\">\n\t\t\t\t<div class=\"elementor-element elementor-element-319d635 elementor-invisible elementor-widget elementor-widget-text-editor\" data-id=\"319d635\" data-element_type=\"widget\" data-settings=\"{&quot;_animation&quot;:&quot;fadeInLeft&quot;}\" data-widget_type=\"text-editor.default\">\n\t\t\t\t<div class=\"elementor-widget-container\">\n\t\t\t\t\t\t\t<h2>Ontwikkeling van vastgoedprojecten<\/h2>\n<p>De Griekse vastgoedmarkt heeft de afgelopen tien jaar ingrijpende veranderingen ondergaan, waarbij de bouwactiviteit werd aangewakkerd door een groeiende economie en de ontwikkeling van tweede huizen en recreatiewoningen. De vastgoedmarkt is altijd een goede markt om in te investeren, vooral in grootschalige ontwikkelingsprojecten, als je maar beschikt over de belangrijke lokale kennis en goede toekomstvoorspellingen. Als gevestigde adviseurs in de markt streven we ernaar de investeringen van onze klanten te maximaliseren door passende kansen te presenteren en het risico voor hun kapitaal te minimaliseren. Als ontwikkelaars bieden we voor investeerders een verscheidenheid aan:<\/p>\n<ul>\n<li>Kleine boetiekprojecten die zich richten op nichemarkten<\/li>\n<li>Projecten voor hernieuwbare energie<\/li>\n<li>Grote, luxe ge\u00efntegreerde resortprojecten<\/li>\n<\/ul>\n\t\t\t\t\t\t<\/div>\n\t\t\t\t<\/div>\n\t\t\t\t<\/div>\n\t\t<div class=\"elementor-element elementor-element-62d5557 e-con-full e-flex e-con e-child\" data-id=\"62d5557\" data-element_type=\"container\">\n\t\t\t\t<div class=\"elementor-element elementor-element-b489328 elementor-invisible elementor-widget elementor-widget-image\" data-id=\"b489328\" data-element_type=\"widget\" data-settings=\"{&quot;_animation&quot;:&quot;fadeInRight&quot;}\" data-widget_type=\"image.default\">\n\t\t\t\t<div class=\"elementor-widget-container\">\n\t\t\t\t\t\t\t\t\t\t\t\t\t<img decoding=\"async\" width=\"800\" height=\"600\" src=\"https:\/\/jmrealestatezante.com\/wp-content\/uploads\/2023\/11\/our-services-development.jpg\" class=\"attachment-large size-large wp-image-21226\" alt=\"\" srcset=\"https:\/\/jmrealestatezante.com\/wp-content\/uploads\/2023\/11\/our-services-development.jpg 800w, https:\/\/jmrealestatezante.com\/wp-content\/uploads\/2023\/11\/our-services-development-300x225.jpg 300w, https:\/\/jmrealestatezante.com\/wp-content\/uploads\/2023\/11\/our-services-development-768x576.jpg 768w\" sizes=\"(max-width: 800px) 100vw, 800px\" \/>\t\t\t\t\t\t\t\t\t\t\t\t\t<\/div>\n\t\t\t\t<\/div>\n\t\t\t\t<\/div>\n\t\t\t\t\t<\/div>\n\t\t\t\t<\/div>\n\t\t<div class=\"elementor-element elementor-element-08f1b4e e-flex e-con-boxed e-con e-parent\" data-id=\"08f1b4e\" data-element_type=\"container\">\n\t\t\t\t\t<div class=\"e-con-inner\">\n\t\t<div class=\"elementor-element elementor-element-26b783e e-con-full e-flex e-con e-child\" data-id=\"26b783e\" data-element_type=\"container\">\n\t\t\t\t<div class=\"elementor-element elementor-element-03897d9 elementor-invisible elementor-widget elementor-widget-image\" data-id=\"03897d9\" data-element_type=\"widget\" data-settings=\"{&quot;_animation&quot;:&quot;fadeInLeft&quot;}\" data-widget_type=\"image.default\">\n\t\t\t\t<div class=\"elementor-widget-container\">\n\t\t\t\t\t\t\t\t\t\t\t\t\t<img decoding=\"async\" width=\"800\" height=\"600\" src=\"https:\/\/jmrealestatezante.com\/wp-content\/uploads\/2023\/11\/our-services-hotel.jpg\" class=\"attachment-large size-large wp-image-21255\" alt=\"\" srcset=\"https:\/\/jmrealestatezante.com\/wp-content\/uploads\/2023\/11\/our-services-hotel.jpg 800w, https:\/\/jmrealestatezante.com\/wp-content\/uploads\/2023\/11\/our-services-hotel-300x225.jpg 300w, https:\/\/jmrealestatezante.com\/wp-content\/uploads\/2023\/11\/our-services-hotel-768x576.jpg 768w\" sizes=\"(max-width: 800px) 100vw, 800px\" \/>\t\t\t\t\t\t\t\t\t\t\t\t\t<\/div>\n\t\t\t\t<\/div>\n\t\t\t\t<\/div>\n\t\t<div class=\"elementor-element elementor-element-3ef7362 e-con-full e-flex e-con e-child\" data-id=\"3ef7362\" data-element_type=\"container\">\n\t\t\t\t<div class=\"elementor-element elementor-element-ace9f39 elementor-invisible elementor-widget elementor-widget-text-editor\" data-id=\"ace9f39\" data-element_type=\"widget\" data-settings=\"{&quot;_animation&quot;:&quot;fadeInRight&quot;}\" data-widget_type=\"text-editor.default\">\n\t\t\t\t<div class=\"elementor-widget-container\">\n\t\t\t\t\t\t\t<div class=\"x-text x-text-headline e144-e18 m40-k m40-m m40-n\">\n<div class=\"x-text-content\">\n<div class=\"x-text-content-text\">\n<h2 class=\"x-text-content-text-primary\">Hotels &amp; Toerisme<\/h2>\n<p>Met 18% van het BBP is toerisme een belangrijke sector en een van de meest dynamische voor groei en investeringen. Griekenland staat in de top 15 van bestemmingen wereldwijd. Ons team kan investeerders helpen:<br \/>&#8211; Ge\u00efntegreerde hotelresorts<br \/>&#8211; Ecotoerisme<br \/>&#8211; Alternatieve toeristische projecten<br \/>&#8211; Golfbanen<\/p>\n<\/div>\n<\/div>\n<\/div>\n\t\t\t\t\t\t<\/div>\n\t\t\t\t<\/div>\n\t\t\t\t<\/div>\n\t\t\t\t\t<\/div>\n\t\t\t\t<\/div>\n\t\t<div class=\"elementor-element elementor-element-2df9a8f e-flex e-con-boxed e-con e-parent\" data-id=\"2df9a8f\" data-element_type=\"container\">\n\t\t\t\t\t<div class=\"e-con-inner\">\n\t\t<div class=\"elementor-element elementor-element-eac42a4 e-con-full e-flex e-con e-child\" data-id=\"eac42a4\" data-element_type=\"container\">\n\t\t\t\t<div class=\"elementor-element elementor-element-ff8df1d elementor-invisible elementor-widget elementor-widget-text-editor\" data-id=\"ff8df1d\" data-element_type=\"widget\" data-settings=\"{&quot;_animation&quot;:&quot;fadeInLeft&quot;}\" data-widget_type=\"text-editor.default\">\n\t\t\t\t<div class=\"elementor-widget-container\">\n\t\t\t\t\t\t\t<div class=\"x-text x-text-headline e144-e24 m40-k m40-m m40-n\">\n<div class=\"x-text-content\">\n<div class=\"x-text-content-text\">\n<h2 class=\"x-text-content-text-primary\">Ontwerp en bouw<\/h2>\n<div class=\"x-col e144-e23 m40-h\">\n<div class=\"x-text x-content e144-e25 m40-q m40-r m40-s\">\n<div class=\"x-col e144-e23 m40-h\">\n<div class=\"x-text x-content e144-e25 m40-q m40-r m40-s\">We kunnen een van onze partners aanbevelen, die al meer dan dertig jaar villa&#8217;s en huizen bouwt op Zakynthos. We helpen je tijdens het hele proces van het ontwerpen en bouwen van je nieuwe huis en het wordt op tijd opgeleverd, klaar om in te trekken.<\/div>\n<\/div>\n<div class=\"x-col e144-e26 m40-h\">\n<div class=\"x-text x-text-headline e144-e27 m40-k m40-m m40-n\">\n<div class=\"x-text-content\">\n<div class=\"x-text-content-text\"> <\/div>\n<\/div>\n<\/div>\n<\/div>\n<\/div>\n<\/div>\n<div class=\"x-col e144-e26 m40-h\">\n<div class=\"x-text x-text-headline e144-e27 m40-k m40-m m40-n\">\n<div class=\"x-text-content\">\n<div class=\"x-text-content-text\"> <\/div>\n<\/div>\n<\/div>\n<\/div>\n<\/div>\n<\/div>\n<\/div>\n\t\t\t\t\t\t<\/div>\n\t\t\t\t<\/div>\n\t\t\t\t<\/div>\n\t\t<div class=\"elementor-element elementor-element-8c24489 e-con-full e-flex e-con e-child\" data-id=\"8c24489\" data-element_type=\"container\">\n\t\t\t\t<div class=\"elementor-element elementor-element-090441e elementor-invisible elementor-widget elementor-widget-image\" data-id=\"090441e\" data-element_type=\"widget\" data-settings=\"{&quot;_animation&quot;:&quot;fadeInRight&quot;}\" data-widget_type=\"image.default\">\n\t\t\t\t<div class=\"elementor-widget-container\">\n\t\t\t\t\t\t\t\t\t\t\t\t\t<img loading=\"lazy\" decoding=\"async\" width=\"800\" height=\"600\" src=\"https:\/\/jmrealestatezante.com\/wp-content\/uploads\/2023\/11\/plans.jpg\" class=\"attachment-large size-large wp-image-21275\" alt=\"\" srcset=\"https:\/\/jmrealestatezante.com\/wp-content\/uploads\/2023\/11\/plans.jpg 800w, https:\/\/jmrealestatezante.com\/wp-content\/uploads\/2023\/11\/plans-300x225.jpg 300w, https:\/\/jmrealestatezante.com\/wp-content\/uploads\/2023\/11\/plans-768x576.jpg 768w\" sizes=\"(max-width: 800px) 100vw, 800px\" \/>\t\t\t\t\t\t\t\t\t\t\t\t\t<\/div>\n\t\t\t\t<\/div>\n\t\t\t\t<\/div>\n\t\t\t\t\t<\/div>\n\t\t\t\t<\/div>\n\t\t<div class=\"elementor-element elementor-element-515f16a e-flex e-con-boxed e-con e-parent\" data-id=\"515f16a\" data-element_type=\"container\">\n\t\t\t\t\t<div class=\"e-con-inner\">\n\t\t<div class=\"elementor-element elementor-element-a11c919 e-con-full e-flex e-con e-child\" data-id=\"a11c919\" data-element_type=\"container\">\n\t\t\t\t<div class=\"elementor-element elementor-element-e990423 elementor-invisible elementor-widget elementor-widget-image\" data-id=\"e990423\" data-element_type=\"widget\" data-settings=\"{&quot;_animation&quot;:&quot;fadeInLeft&quot;}\" data-widget_type=\"image.default\">\n\t\t\t\t<div class=\"elementor-widget-container\">\n\t\t\t\t\t\t\t\t\t\t\t\t\t<img loading=\"lazy\" decoding=\"async\" width=\"800\" height=\"600\" src=\"https:\/\/jmrealestatezante.com\/wp-content\/uploads\/2023\/11\/development-zakynthos.jpg\" class=\"attachment-large size-large wp-image-21285\" alt=\"\" srcset=\"https:\/\/jmrealestatezante.com\/wp-content\/uploads\/2023\/11\/development-zakynthos.jpg 800w, https:\/\/jmrealestatezante.com\/wp-content\/uploads\/2023\/11\/development-zakynthos-300x225.jpg 300w, https:\/\/jmrealestatezante.com\/wp-content\/uploads\/2023\/11\/development-zakynthos-768x576.jpg 768w\" sizes=\"(max-width: 800px) 100vw, 800px\" \/>\t\t\t\t\t\t\t\t\t\t\t\t\t<\/div>\n\t\t\t\t<\/div>\n\t\t\t\t<\/div>\n\t\t<div class=\"elementor-element elementor-element-8e422cf e-con-full e-flex e-con e-child\" data-id=\"8e422cf\" data-element_type=\"container\">\n\t\t\t\t<div class=\"elementor-element elementor-element-84933eb elementor-invisible elementor-widget elementor-widget-text-editor\" data-id=\"84933eb\" data-element_type=\"widget\" data-settings=\"{&quot;_animation&quot;:&quot;fadeInRight&quot;}\" data-widget_type=\"text-editor.default\">\n\t\t\t\t<div class=\"elementor-widget-container\">\n\t\t\t\t\t\t\t<div class=\"x-text x-text-headline e144-e27 m40-k m40-m m40-n\">\n<div class=\"x-text-content\">\n<div class=\"x-text-content-text\">\n<h2 class=\"x-text-content-text-primary\">Ontwikkelingen<\/h2>\n<div class=\"x-section e144-e10 m40-0 m40-1 m40-2\">\n<div class=\"x-row e144-e22 m40-5 m40-9 m40-d m40-f\">\n<div class=\"x-row-inner\">\n<div class=\"x-col e144-e26 m40-h\">\n<div class=\"x-text x-content e144-e28 m40-q m40-r m40-s\">We hebben een uitstekend begrip van de eisen en verwachtingen van moderne huiseigenaren, die we proberen te overtreffen. We hebben exclusieve toegang tot veel aantrekkelijke Zakynthos ontwikkelingen bestaande uit mooie huizen van verschillende grootte op zorgvuldig geselecteerde percelen, niet ver van het strand met onbeperkt prachtig uitzicht op de zee en het Zakynthische platteland zijn beschikbaar voor bezichtigingen.<\/div>\n<\/div>\n<\/div>\n<\/div>\n<\/div>\n<div class=\"x-section e144-e29 m40-0 m40-1 m40-4\">\n<div class=\"x-row e144-e30 m40-5 m40-9 m40-d m40-g\">\n<div class=\"x-row-inner\">\n<div class=\"x-col e144-e31 m40-h\">\n<div class=\"x-text x-text-headline e144-e32 m40-k m40-l m40-n m40-o\">\n<div class=\"x-text-content\">\n<div class=\"x-text-content-text\"> <\/div>\n<\/div>\n<\/div>\n<\/div>\n<\/div>\n<\/div>\n<\/div>\n<\/div>\n<\/div>\n<\/div>\n\t\t\t\t\t\t<\/div>\n\t\t\t\t<\/div>\n\t\t\t\t<\/div>\n\t\t\t\t\t<\/div>\n\t\t\t\t<\/div>\n\t\t<div class=\"elementor-element elementor-element-2db8c67 e-flex e-con-boxed e-con e-parent\" data-id=\"2db8c67\" data-element_type=\"container\">\n\t\t\t\t\t<div class=\"e-con-inner\">\n\t\t\t\t<div class=\"elementor-element elementor-element-88bd5c4 elementor-widget elementor-widget-heading\" data-id=\"88bd5c4\" data-element_type=\"widget\" data-widget_type=\"heading.default\">\n\t\t\t\t<div class=\"elementor-widget-container\">\n\t\t\t<h2 class=\"elementor-heading-title elementor-size-default\">Ons doel\n<\/h2>\t\t<\/div>\n\t\t\t\t<\/div>\n\t\t\t\t\t<\/div>\n\t\t\t\t<\/div>\n\t\t<div class=\"elementor-element elementor-element-819e6e9 e-flex e-con-boxed e-con e-parent\" data-id=\"819e6e9\" data-element_type=\"container\">\n\t\t\t\t\t<div class=\"e-con-inner\">\n\t\t\t\t<div class=\"elementor-element elementor-element-b9312de elementor-widget elementor-widget-text-editor\" data-id=\"b9312de\" data-element_type=\"widget\" data-widget_type=\"text-editor.default\">\n\t\t\t\t<div class=\"elementor-widget-container\">\n\t\t\t\t\t\t\t<p>Ons doel is altijd geweest om een hoge standaard van professionaliteit te bereiken met eerlijkheid en uitstekende service voor onze klanten. We zijn voortdurend op de hoogte van de marktomstandigheden en we hebben de juiste partnerschappen opgezet met lokale technische teams en grote kantoren in het buitenland. We zijn nu actief op het hele eiland en bieden een breed scala aan onroerend goed, waaronder villa&#8217;s, vakantiehuizen, commercieel onroerend goed en land.<\/p>\n<p>Onze Architect-partners hebben diepgaande expertise in alle aspecten van bouw, projectmanagement, architectuur en engineering. We zijn er trots op dat we helpen om projecten op tijd, binnen budget en met het hoogste niveau van veiligheid, klantenservice en kwaliteit te leveren om aan de hoge eisen van onze klanten te voldoen.<\/p>\n\t\t\t\t\t\t<\/div>\n\t\t\t\t<\/div>\n\t\t\t\t\t<\/div>\n\t\t\t\t<\/div>\n\t\t<div class=\"elementor-element elementor-element-24868db e-flex e-con-boxed e-con e-parent\" data-id=\"24868db\" data-element_type=\"container\">\n\t\t\t\t\t<div class=\"e-con-inner\">\n\t\t<div class=\"elementor-element elementor-element-454a18a e-con-full e-flex e-con e-child\" data-id=\"454a18a\" data-element_type=\"container\">\n\t\t\t\t<div class=\"elementor-element elementor-element-fd430f6 elementor-widget elementor-widget-image\" data-id=\"fd430f6\" data-element_type=\"widget\" data-widget_type=\"image.default\">\n\t\t\t\t<div class=\"elementor-widget-container\">\n\t\t\t\t\t\t\t\t\t\t\t\t\t<img loading=\"lazy\" decoding=\"async\" width=\"560\" height=\"610\" src=\"https:\/\/jmrealestatezante.com\/wp-content\/uploads\/2023\/11\/about-us.jpg\" class=\"attachment-large size-large wp-image-21130\" alt=\"\" srcset=\"https:\/\/jmrealestatezante.com\/wp-content\/uploads\/2023\/11\/about-us.jpg 560w, https:\/\/jmrealestatezante.com\/wp-content\/uploads\/2023\/11\/about-us-275x300.jpg 275w\" sizes=\"(max-width: 560px) 100vw, 560px\" \/>\t\t\t\t\t\t\t\t\t\t\t\t\t<\/div>\n\t\t\t\t<\/div>\n\t\t\t\t<\/div>\n\t\t<div class=\"elementor-element elementor-element-fc99f53 e-con-full e-flex e-con e-child\" data-id=\"fc99f53\" data-element_type=\"container\">\n\t\t\t\t<div class=\"elementor-element elementor-element-3288d2f elementor-widget elementor-widget-WpResidence_Contact_Form\" data-id=\"3288d2f\" data-element_type=\"widget\" data-widget_type=\"WpResidence_Contact_Form.default\">\n\t\t\t\t<div class=\"elementor-widget-container\">\n\t\t\t<div class=\"shortcode_contact_form sh_form_align_\">\r\n\r\n       \r\n            <div class=\"alert-message\" id=\"footer_alert-agent-contact_sh\"><\/div>\r\n     \r\n\r\n        <input type=\"text\" style=\"\" placeholder=\"Uw naam\" required=\"required\"   id=\"foot_contact_name_sh\"  name=\"contact_name\" class=\"form-control\" value=\"\" tabindex=\"373\">\r\n        <input type=\"email\" style=\"\" required=\"required\" placeholder=\"Jouw email\"  id=\"foot_contact_email_sh\" name=\"contact_email\" class=\"form-control wpestate-form-control-sh\" value=\"\" tabindex=\"374\">\r\n        <input type=\"email\" style=\"\" required=\"required\" placeholder=\"Jouw telefoon\"  id=\"foot_contact_phone_sh\" name=\"contact_phone\" class=\"form-control wpestate-form-control-sh\" value=\"\" tabindex=\"374\">\r\n        <textarea style=\"\" placeholder=\"Schrijf je bericht...\" required=\"required\" id=\"foot_contact_content_sh\" name=\"contact_content\" class=\"form-control wpestate-form-control-sh\" rows=\"4\" tabindex=\"375\"><\/textarea>\r\n        <input type=\"hidden\" name=\"contact_ajax_nonce\"        id=\"agent_property_ajax_nonce\"     value=\"49a60e62df\" \/>  <div class=\"btn-cont\">\r\n            <button type=\"submit\" id=\"btn-cont-submit_sh\" class=\"wpresidence_button sh_but_\">Bericht versturen<\/button>\r\n\r\n            <input type=\"hidden\" value=\"\" name=\"contact_to\">\r\n            <div class=\"bottom-arrow\"><\/div>\r\n        <\/div>\r\n    <\/div><style>\r\n    .shortcode_contact_form textarea::-webkit-input-placeholder,\r\n    .shortcode_contact_form input::-webkit-input-placeholder {\r\n     color:!important;\";\r\n}\r\n<\/style><script type=\"text\/javascript\">\r\n                \/\/<![CDATA[\r\n                jQuery(document).ready(function(){\r\n                  wpestate_contact_us_shortcode();\r\n                });\r\n                \/\/]]>\r\n            <\/script>\t\t<\/div>\n\t\t\t\t<\/div>\n\t\t\t\t<\/div>\n\t\t\t\t\t<\/div>\n\t\t\t\t<\/div>\n\t\t\t\t<\/div>\n\t\t","protected":false},"excerpt":{"rendered":"<p>Zakynthos Vastgoedverkoop We offer a comprehensive list of desirable properties for sale in Zakynthos. Villa&#8217;s, huizen en appartementen, grondstukken en traditionele stenen huizen zijn te vinden op verschillende locaties rond Zakynthos. Verkoop uw huis in Zante Met een solide en creatieve marketingcampagne, lokale connecties en connecties met agenten in heel Europa zullen we je woning effici\u00ebnt promoten bij een brede potenti\u00eble klantenkring. Als je &#8230;<\/p>\n","protected":false},"author":1,"featured_media":0,"parent":0,"menu_order":0,"comment_status":"closed","ping_status":"closed","template":"","meta":{"inline_featured_image":false,"footnotes":""},"class_list":["post-31140","page","type-page","status-publish","hentry"],"aioseo_notices":[],"_links":{"self":[{"href":"https:\/\/jmrealestatezante.com\/nl\/wp-json\/wp\/v2\/pages\/31140","targetHints":{"allow":["GET"]}}],"collection":[{"href":"https:\/\/jmrealestatezante.com\/nl\/wp-json\/wp\/v2\/pages"}],"about":[{"href":"https:\/\/jmrealestatezante.com\/nl\/wp-json\/wp\/v2\/types\/page"}],"author":[{"embeddable":true,"href":"https:\/\/jmrealestatezante.com\/nl\/wp-json\/wp\/v2\/users\/1"}],"replies":[{"embeddable":true,"href":"https:\/\/jmrealestatezante.com\/nl\/wp-json\/wp\/v2\/comments?post=31140"}],"version-history":[{"count":3,"href":"https:\/\/jmrealestatezante.com\/nl\/wp-json\/wp\/v2\/pages\/31140\/revisions"}],"predecessor-version":[{"id":31143,"href":"https:\/\/jmrealestatezante.com\/nl\/wp-json\/wp\/v2\/pages\/31140\/revisions\/31143"}],"wp:attachment":[{"href":"https:\/\/jmrealestatezante.com\/nl\/wp-json\/wp\/v2\/media?parent=31140"}],"curies":[{"name":"wp","href":"https:\/\/api.w.org\/{rel}","templated":true}]}}